{"id":1892,"date":"2016-07-21T23:25:44","date_gmt":"2016-07-21T23:25:44","guid":{"rendered":"https:\/\/lifeseguridadnueva.lifeservicios.com\/request-quote\/"},"modified":"2016-08-03T17:45:53","modified_gmt":"2016-08-03T17:45:53","slug":"solicitud-de-cotizacion","status":"publish","type":"page","link":"https:\/\/lifeseguridadnueva.lifeservicios.com\/?page_id=1892","title":{"rendered":"SOLICITUD DE COTIZACI\u00d3N"},"content":{"rendered":"\n<div class=\"woocommerce ywraq-wrapper\">\n\n        <div id=\"yith-ywraq-message\"><div class=\"ywraq-question-message\">\n\t<\/div><\/div>\n        <p class=\"ywraq_list_empty_message\">Tu lista est\u00e1 vac\u00eda, a\u00f1ade productos a la lista para enviar una solicitud<p><p class=\"return-to-shop\"><a class=\"button wc-backward\" href=\"https:\/\/lifeseguridadnueva.lifeservicios.com\/\">Volver a la tienda<\/a><p>\n\n    <\/div>\n<p>(*) Campos obligatorios<\/p>\n","protected":false},"excerpt":{"rendered":"<p>(*) Campos obligatorios<\/p>\n","protected":false},"author":1,"featured_media":0,"parent":0,"menu_order":0,"comment_status":"closed","ping_status":"closed","template":"","meta":{"inline_featured_image":false},"aioseo_notices":[],"_links":{"self":[{"href":"https:\/\/lifeseguridadnueva.lifeservicios.com\/index.php?rest_route=\/wp\/v2\/pages\/1892"}],"collection":[{"href":"https:\/\/lifeseguridadnueva.lifeservicios.com\/index.php?rest_route=\/wp\/v2\/pages"}],"about":[{"href":"https:\/\/lifeseguridadnueva.lifeservicios.com\/index.php?rest_route=\/wp\/v2\/types\/page"}],"author":[{"embeddable":true,"href":"https:\/\/lifeseguridadnueva.lifeservicios.com\/index.php?rest_route=\/wp\/v2\/users\/1"}],"replies":[{"embeddable":true,"href":"https:\/\/lifeseguridadnueva.lifeservicios.com\/index.php?rest_route=%2Fwp%2Fv2%2Fcomments&post=1892"}],"version-history":[{"count":0,"href":"https:\/\/lifeseguridadnueva.lifeservicios.com\/index.php?rest_route=\/wp\/v2\/pages\/1892\/revisions"}],"wp:attachment":[{"href":"https:\/\/lifeseguridadnueva.lifeservicios.com\/index.php?rest_route=%2Fwp%2Fv2%2Fmedia&parent=1892"}],"curies":[{"name":"wp","href":"https:\/\/api.w.org\/{rel}","templated":true}]}}