{"id":3657,"date":"2016-09-07T17:53:58","date_gmt":"2016-09-07T22:53:58","guid":{"rendered":"https:\/\/lifeseguridadnueva.lifeservicios.com\/producto\/4007es-hibrido-4007es-hibrido\/"},"modified":"2023-03-01T21:28:08","modified_gmt":"2023-03-02T02:28:08","slug":"4007es-hibrido-4007es-hibrido","status":"publish","type":"product","link":"https:\/\/lifeseguridadnueva.lifeservicios.com\/?product=4007es-hibrido-4007es-hibrido","title":{"rendered":"4007ES H\u00edbrido 4007ES H\u00edbrido"},"content":{"rendered":"<h2>4007ES H\u00edbrido<\/h2>\n<p> Listado UL, ULC, CSFM y aprobado por FM.<br \/>\n Desde 100 hasta 250 dispositivos direccionables.<br \/>\n Ocho puertos programables de manera independiene como zonas convencionales o relays.<br \/>\n Cuatro NACs clase A\/B @ 3A por NAC.<br \/>\n Una salida auxiliar de 24VDC @ 2A.<br \/>\n Etiquetas personalizables de hasta 40 caracteres.<br \/>\n Pantalla t\u00e1ctil a colores.<br \/>\n Tres botones programables.<br \/>\n Registro de hasta 2000 eventos hist\u00f3ricos.<\/p>\n","protected":false},"excerpt":{"rendered":"<p>4007ES H\u00edbrido<\/p>\n<p><a class=\"ficha\" href=\"https:\/\/lifeseguridadnueva.lifeservicios.com\/ficha-tecnica\/s4007-0001.pdf\" target=\"_blank\" rel=\"noopener\"><i class=\"iconoficha\"><\/i> FICHA T\u00c9CNICA<\/a><\/p>\n","protected":false},"featured_media":5945,"comment_status":"open","ping_status":"closed","template":"","meta":{"inline_featured_image":false},"product_cat":[184],"product_tag":[177],"aioseo_notices":[],"_links":{"self":[{"href":"https:\/\/lifeseguridadnueva.lifeservicios.com\/index.php?rest_route=\/wp\/v2\/product\/3657"}],"collection":[{"href":"https:\/\/lifeseguridadnueva.lifeservicios.com\/index.php?rest_route=\/wp\/v2\/product"}],"about":[{"href":"https:\/\/lifeseguridadnueva.lifeservicios.com\/index.php?rest_route=\/wp\/v2\/types\/product"}],"replies":[{"embeddable":true,"href":"https:\/\/lifeseguridadnueva.lifeservicios.com\/index.php?rest_route=%2Fwp%2Fv2%2Fcomments&post=3657"}],"wp:featuredmedia":[{"embeddable":true,"href":"https:\/\/lifeseguridadnueva.lifeservicios.com\/index.php?rest_route=\/wp\/v2\/media\/5945"}],"wp:attachment":[{"href":"https:\/\/lifeseguridadnueva.lifeservicios.com\/index.php?rest_route=%2Fwp%2Fv2%2Fmedia&parent=3657"}],"wp:term":[{"taxonomy":"product_cat","embeddable":true,"href":"https:\/\/lifeseguridadnueva.lifeservicios.com\/index.php?rest_route=%2Fwp%2Fv2%2Fproduct_cat&post=3657"},{"taxonomy":"product_tag","embeddable":true,"href":"https:\/\/lifeseguridadnueva.lifeservicios.com\/index.php?rest_route=%2Fwp%2Fv2%2Fproduct_tag&post=3657"}],"curies":[{"name":"wp","href":"https:\/\/api.w.org\/{rel}","templated":true}]}}