{"id":3673,"date":"2016-09-07T17:53:59","date_gmt":"2016-09-07T22:53:59","guid":{"rendered":"https:\/\/lifeseguridadnueva.lifeservicios.com\/producto\/simplex-4004r-simplex-4004r\/"},"modified":"2023-03-01T21:28:08","modified_gmt":"2023-03-02T02:28:08","slug":"simplex-4004r-simplex-4004r","status":"publish","type":"product","link":"https:\/\/lifeseguridadnueva.lifeservicios.com\/?product=simplex-4004r-simplex-4004r","title":{"rendered":"Simplex 4004R Simplex 4004R"},"content":{"rendered":"<h2>Simplex 4004R<\/h2>\n<p> Listado UL, ULC, CSFM y aprobado por FM.<br \/>\n Dise\u00f1ado espec\u00edficamente para la operaci\u00f3n de descarga, pre-acci\u00f3n y diluvio.<br \/>\n Cuatro zonas convencionales Clase B.<br \/>\n Dos zonas de monitoreo de prop\u00f3sito especial Clase B.<br \/>\n Dos NACs Clase B @ 2A por NAC.<br \/>\n Dos RACs Clase B @ 2A por RAC.<br \/>\n Programable desde panel frontal.<\/p>\n","protected":false},"excerpt":{"rendered":"<p>Simplex 4004R<\/p>\n<p><a class=\"ficha\" href=\"https:\/\/lifeseguridadnueva.lifeservicios.com\/ficha-tecnica\/4004-0002.pdf\" target=\"_blank\" rel=\"noopener\"><i class=\"iconoficha\"><\/i> FICHA T\u00c9CNICA<\/a><\/p>\n","protected":false},"featured_media":5959,"comment_status":"open","ping_status":"closed","template":"","meta":{"inline_featured_image":false},"product_cat":[184],"product_tag":[177],"aioseo_notices":[],"_links":{"self":[{"href":"https:\/\/lifeseguridadnueva.lifeservicios.com\/index.php?rest_route=\/wp\/v2\/product\/3673"}],"collection":[{"href":"https:\/\/lifeseguridadnueva.lifeservicios.com\/index.php?rest_route=\/wp\/v2\/product"}],"about":[{"href":"https:\/\/lifeseguridadnueva.lifeservicios.com\/index.php?rest_route=\/wp\/v2\/types\/product"}],"replies":[{"embeddable":true,"href":"https:\/\/lifeseguridadnueva.lifeservicios.com\/index.php?rest_route=%2Fwp%2Fv2%2Fcomments&post=3673"}],"wp:featuredmedia":[{"embeddable":true,"href":"https:\/\/lifeseguridadnueva.lifeservicios.com\/index.php?rest_route=\/wp\/v2\/media\/5959"}],"wp:attachment":[{"href":"https:\/\/lifeseguridadnueva.lifeservicios.com\/index.php?rest_route=%2Fwp%2Fv2%2Fmedia&parent=3673"}],"wp:term":[{"taxonomy":"product_cat","embeddable":true,"href":"https:\/\/lifeseguridadnueva.lifeservicios.com\/index.php?rest_route=%2Fwp%2Fv2%2Fproduct_cat&post=3673"},{"taxonomy":"product_tag","embeddable":true,"href":"https:\/\/lifeseguridadnueva.lifeservicios.com\/index.php?rest_route=%2Fwp%2Fv2%2Fproduct_tag&post=3673"}],"curies":[{"name":"wp","href":"https:\/\/api.w.org\/{rel}","templated":true}]}}