{"id":3675,"date":"2016-09-07T17:53:59","date_gmt":"2016-09-07T22:53:59","guid":{"rendered":"https:\/\/lifeseguridadnueva.lifeservicios.com\/producto\/4098-9714-sensor-fotoelectrico-de-humo-4098-9714\/"},"modified":"2023-03-01T21:28:08","modified_gmt":"2023-03-02T02:28:08","slug":"4098-9714-sensor-fotoelectrico-de-humo-4098-9714","status":"publish","type":"product","link":"https:\/\/lifeseguridadnueva.lifeservicios.com\/?product=4098-9714-sensor-fotoelectrico-de-humo-4098-9714","title":{"rendered":"4098-9714 Detector de humo fotoel\u00e9ctrico SIMPLEX direccionable"},"content":{"rendered":"<h2>Detector de humo fotoel\u00e9ctrico SIMPLEX direccionable<\/h2>\n<p>Equipo para \u201cCentral de Alarmas Contra Incendio Centralizado\u201d, cumple con INDECI<\/p>\n<p>Nuestro detector de humo fotoelectrico\u00a0se puede instalar con la l\u00ednea de\u00a0paneles de alarmas contra incendio de la marca SIMPLEX<\/p>\n<p>Se activa cuando existe una presencia de humo en el ambiente salvando vidas, ideal para oficinas, f\u00e1bricas, edificios por departamentos, almacenes y cualquier\u00a0otro ambiente donde exista un riesgo de incendio.<\/p>\n<p>Listado UL, ULC, CSFM y aprobado por FM.<br \/>\nTransmisi\u00f3n digital de valores del sensor an\u00e1logo v\u00eda comunicaci\u00f3n IDNet de dos cables.<br \/>\nCompensaci\u00f3n medioambiental autom\u00e1tica.<br \/>\nSiete niveles de sensibilidad programables.<br \/>\nFunci\u00f3n de prueba magn\u00e9tica.<br \/>\nCompatible con paneles 4007ES, 4008, 4010, 4010ES, 4100U, 4100ES.<\/p>\n","protected":false},"excerpt":{"rendered":"<p>Detector de humo\u00a0fotoel\u00e9ctrico\u00a0SIMPLEX<\/p>\n<p>Equipo para \u201cCentral de Alarmas Contra Incendio Centralizado\u201d, cumple con INDECI<\/p>\n<p>Nuestro detector de humo fotoelectrico\u00a0se puede instalar con la l\u00ednea de\u00a0paneles de alarmas contra incendio de la marca SIMPLEX<\/p>\n<p>Se activa cuando existe una presencia de humo en el ambiente salvando vidas, ideal para oficinas, f\u00e1bricas, edificios por departamentos, almacenes y cualquier\u00a0otro ambiente donde exista un riesgo de incendio.<\/p>\n<p><a class=\"ficha\" href=\"https:\/\/lifeseguridadnueva.lifeservicios.com\/ficha-tecnica\/4098-0019.pdf\" target=\"_blank\" rel=\"noopener\"><i class=\"iconoficha\"><\/i> FICHA T\u00c9CNICA<\/a><\/p>\n","protected":false},"featured_media":6073,"comment_status":"open","ping_status":"closed","template":"","meta":{"inline_featured_image":false},"product_cat":[188],"product_tag":[177],"aioseo_notices":[],"_links":{"self":[{"href":"https:\/\/lifeseguridadnueva.lifeservicios.com\/index.php?rest_route=\/wp\/v2\/product\/3675"}],"collection":[{"href":"https:\/\/lifeseguridadnueva.lifeservicios.com\/index.php?rest_route=\/wp\/v2\/product"}],"about":[{"href":"https:\/\/lifeseguridadnueva.lifeservicios.com\/index.php?rest_route=\/wp\/v2\/types\/product"}],"replies":[{"embeddable":true,"href":"https:\/\/lifeseguridadnueva.lifeservicios.com\/index.php?rest_route=%2Fwp%2Fv2%2Fcomments&post=3675"}],"wp:featuredmedia":[{"embeddable":true,"href":"https:\/\/lifeseguridadnueva.lifeservicios.com\/index.php?rest_route=\/wp\/v2\/media\/6073"}],"wp:attachment":[{"href":"https:\/\/lifeseguridadnueva.lifeservicios.com\/index.php?rest_route=%2Fwp%2Fv2%2Fmedia&parent=3675"}],"wp:term":[{"taxonomy":"product_cat","embeddable":true,"href":"https:\/\/lifeseguridadnueva.lifeservicios.com\/index.php?rest_route=%2Fwp%2Fv2%2Fproduct_cat&post=3675"},{"taxonomy":"product_tag","embeddable":true,"href":"https:\/\/lifeseguridadnueva.lifeservicios.com\/index.php?rest_route=%2Fwp%2Fv2%2Fproduct_tag&post=3675"}],"curies":[{"name":"wp","href":"https:\/\/api.w.org\/{rel}","templated":true}]}}