{"id":3676,"date":"2016-09-07T17:53:59","date_gmt":"2016-09-07T22:53:59","guid":{"rendered":"https:\/\/lifeseguridadnueva.lifeservicios.com\/producto\/4098-9733-sensor-de-temperatura-4098-9733\/"},"modified":"2023-03-01T21:28:08","modified_gmt":"2023-03-02T02:28:08","slug":"4098-9733-sensor-de-temperatura-4098-9733","status":"publish","type":"product","link":"https:\/\/lifeseguridadnueva.lifeservicios.com\/?product=4098-9733-sensor-de-temperatura-4098-9733","title":{"rendered":"4098-9733 Sensor de temperatura 4098-9733"},"content":{"rendered":"<h2>Sensor de temperatura 4098-9733<\/h2>\n<p> Listado UL, ULC, CSFM y aprobado por FM.<br \/>\n Transmisi\u00f3n digital de valores del sensor an\u00e1logo v\u00eda comunicaci\u00f3n IDNet de dos cables.<br \/>\n Detecci\u00f3n de temperatura fija programable de 135\u00b0F (57\u00b0C) \u00f3 155\u00b0F (68\u00b0C).<br \/>\n Detecci\u00f3n de temperatura de tasa de incremento.<br \/>\n Funci\u00f3n de prueba magn\u00e9tica.<br \/>\n Compatible con paneles 4007ES, 4008, 4010, 4010ES, 4100U, 4100ES.<\/p>\n","protected":false},"excerpt":{"rendered":"<p>Sensor de temperatura 4098-9733<\/p>\n<p><a class=\"ficha\" href=\"https:\/\/lifeseguridadnueva.lifeservicios.com\/ficha-tecnica\/4098-0019.pdf\" target=\"_blank\" rel=\"noopener\"><i class=\"iconoficha\"><\/i> FICHA T\u00c9CNICA<\/a><\/p>\n","protected":false},"featured_media":5986,"comment_status":"open","ping_status":"closed","template":"","meta":{"inline_featured_image":false},"product_cat":[189],"product_tag":[177],"aioseo_notices":[],"_links":{"self":[{"href":"https:\/\/lifeseguridadnueva.lifeservicios.com\/index.php?rest_route=\/wp\/v2\/product\/3676"}],"collection":[{"href":"https:\/\/lifeseguridadnueva.lifeservicios.com\/index.php?rest_route=\/wp\/v2\/product"}],"about":[{"href":"https:\/\/lifeseguridadnueva.lifeservicios.com\/index.php?rest_route=\/wp\/v2\/types\/product"}],"replies":[{"embeddable":true,"href":"https:\/\/lifeseguridadnueva.lifeservicios.com\/index.php?rest_route=%2Fwp%2Fv2%2Fcomments&post=3676"}],"wp:featuredmedia":[{"embeddable":true,"href":"https:\/\/lifeseguridadnueva.lifeservicios.com\/index.php?rest_route=\/wp\/v2\/media\/5986"}],"wp:attachment":[{"href":"https:\/\/lifeseguridadnueva.lifeservicios.com\/index.php?rest_route=%2Fwp%2Fv2%2Fmedia&parent=3676"}],"wp:term":[{"taxonomy":"product_cat","embeddable":true,"href":"https:\/\/lifeseguridadnueva.lifeservicios.com\/index.php?rest_route=%2Fwp%2Fv2%2Fproduct_cat&post=3676"},{"taxonomy":"product_tag","embeddable":true,"href":"https:\/\/lifeseguridadnueva.lifeservicios.com\/index.php?rest_route=%2Fwp%2Fv2%2Fproduct_tag&post=3676"}],"curies":[{"name":"wp","href":"https:\/\/api.w.org\/{rel}","templated":true}]}}