{"id":3680,"date":"2016-09-07T17:53:59","date_gmt":"2016-09-07T22:53:59","guid":{"rendered":"https:\/\/lifeseguridadnueva.lifeservicios.com\/producto\/4098-9755-sensor-de-humo-en-ducto-4098-9755\/"},"modified":"2023-03-01T21:28:08","modified_gmt":"2023-03-02T02:28:08","slug":"4098-9755-sensor-de-humo-en-ducto-4098-9755","status":"publish","type":"product","link":"https:\/\/lifeseguridadnueva.lifeservicios.com\/?product=4098-9755-sensor-de-humo-en-ducto-4098-9755","title":{"rendered":"4098-9755 Sensor de humo en ducto 4098-9755"},"content":{"rendered":"<h2>Sensor de humo en ducto 4098-9755<\/h2>\n<p>Listado UL, ULC, CSFM y aprobado por FM.<br \/>\nTransmisi\u00f3n digital de valores del sensor an\u00e1logo v\u00eda comunicaci\u00f3n IDNet de dos cables.<br \/>\nCompensaci\u00f3n medioambiental autom\u00e1tica.<br \/>\nSiete niveles de sensibilidad programables.<br \/>\nCinco modelos de tubo de muestreo disponibles seg\u00fan ancho del ducto.<br \/>\nFunci\u00f3n de prueba magn\u00e9tica.<br \/>\nCompatible con paneles 4007ES, 4008, 4010, 4010ES, 4100U, 4100ES.<\/p>\n","protected":false},"excerpt":{"rendered":"<p>Sensor de humo en ducto 4098-9755<\/p>\n<p><a class=\"ficha\" href=\"https:\/\/lifeseguridadnueva.lifeservicios.com\/ficha-tecnica\/4098-0030.pdf\" target=\"_blank\" rel=\"noopener\"><i class=\"iconoficha\"><\/i> FICHA T\u00c9CNICA<\/a><\/p>\n","protected":false},"featured_media":6071,"comment_status":"open","ping_status":"closed","template":"","meta":{"inline_featured_image":false},"product_cat":[195],"product_tag":[177],"aioseo_notices":[],"_links":{"self":[{"href":"https:\/\/lifeseguridadnueva.lifeservicios.com\/index.php?rest_route=\/wp\/v2\/product\/3680"}],"collection":[{"href":"https:\/\/lifeseguridadnueva.lifeservicios.com\/index.php?rest_route=\/wp\/v2\/product"}],"about":[{"href":"https:\/\/lifeseguridadnueva.lifeservicios.com\/index.php?rest_route=\/wp\/v2\/types\/product"}],"replies":[{"embeddable":true,"href":"https:\/\/lifeseguridadnueva.lifeservicios.com\/index.php?rest_route=%2Fwp%2Fv2%2Fcomments&post=3680"}],"wp:featuredmedia":[{"embeddable":true,"href":"https:\/\/lifeseguridadnueva.lifeservicios.com\/index.php?rest_route=\/wp\/v2\/media\/6071"}],"wp:attachment":[{"href":"https:\/\/lifeseguridadnueva.lifeservicios.com\/index.php?rest_route=%2Fwp%2Fv2%2Fmedia&parent=3680"}],"wp:term":[{"taxonomy":"product_cat","embeddable":true,"href":"https:\/\/lifeseguridadnueva.lifeservicios.com\/index.php?rest_route=%2Fwp%2Fv2%2Fproduct_cat&post=3680"},{"taxonomy":"product_tag","embeddable":true,"href":"https:\/\/lifeseguridadnueva.lifeservicios.com\/index.php?rest_route=%2Fwp%2Fv2%2Fproduct_tag&post=3680"}],"curies":[{"name":"wp","href":"https:\/\/api.w.org\/{rel}","templated":true}]}}