{"id":3685,"date":"2016-09-07T17:54:00","date_gmt":"2016-09-07T22:54:00","guid":{"rendered":"https:\/\/lifeseguridadnueva.lifeservicios.com\/producto\/4099-9006-estacion-manual-de-doble-accion-4099-9006\/"},"modified":"2023-03-01T21:28:08","modified_gmt":"2023-03-02T02:28:08","slug":"4099-9006-estacion-manual-de-doble-accion-4099-9006","status":"publish","type":"product","link":"https:\/\/lifeseguridadnueva.lifeservicios.com\/?product=4099-9006-estacion-manual-de-doble-accion-4099-9006","title":{"rendered":"4099-9006 Estaci\u00f3n manual de doble acci\u00f3n 4099-9006"},"content":{"rendered":"<h2>Estaci\u00f3n manual de doble acci\u00f3n 4099-9006<\/h2>\n<p> Listado UL, ULC, CSFM y aprobado por FM.<br \/>\n Alimentaci\u00f3n el\u00e9ctrica y datos suministrados v\u00eda comunicaci\u00f3n IDNet de dos cables.<br \/>\n Requiere uso de llave para restablecer la estaci\u00f3n.<br \/>\n Requiere que se empuje hacia atr\u00e1s una placa de interferencia retr\u00e1ctil para acceder a la palanca.<br \/>\n Varilla de accionamiento suministrada (su uso es opcional).<br \/>\n Carcasa y palanca de policarbonato Lexan.<br \/>\n Compatible con paneles 4007ES, 4008, 4010, 4010ES, 4100U, 4100ES.<\/p>\n","protected":false},"excerpt":{"rendered":"<p>Estaci\u00f3n manual de doble acci\u00f3n 4099-9006<\/p>\n<p><a class=\"ficha\" href=\"https:\/\/lifeseguridadnueva.lifeservicios.com\/ficha-tecnica\/s4099-0005.pdf\" target=\"_blank\" rel=\"noopener\"><i class=\"iconoficha\"><\/i> FICHA T\u00c9CNICA<\/a><\/p>\n","protected":false},"featured_media":5904,"comment_status":"open","ping_status":"closed","template":"","meta":{"inline_featured_image":false},"product_cat":[192],"product_tag":[177],"aioseo_notices":[],"_links":{"self":[{"href":"https:\/\/lifeseguridadnueva.lifeservicios.com\/index.php?rest_route=\/wp\/v2\/product\/3685"}],"collection":[{"href":"https:\/\/lifeseguridadnueva.lifeservicios.com\/index.php?rest_route=\/wp\/v2\/product"}],"about":[{"href":"https:\/\/lifeseguridadnueva.lifeservicios.com\/index.php?rest_route=\/wp\/v2\/types\/product"}],"replies":[{"embeddable":true,"href":"https:\/\/lifeseguridadnueva.lifeservicios.com\/index.php?rest_route=%2Fwp%2Fv2%2Fcomments&post=3685"}],"wp:featuredmedia":[{"embeddable":true,"href":"https:\/\/lifeseguridadnueva.lifeservicios.com\/index.php?rest_route=\/wp\/v2\/media\/5904"}],"wp:attachment":[{"href":"https:\/\/lifeseguridadnueva.lifeservicios.com\/index.php?rest_route=%2Fwp%2Fv2%2Fmedia&parent=3685"}],"wp:term":[{"taxonomy":"product_cat","embeddable":true,"href":"https:\/\/lifeseguridadnueva.lifeservicios.com\/index.php?rest_route=%2Fwp%2Fv2%2Fproduct_cat&post=3685"},{"taxonomy":"product_tag","embeddable":true,"href":"https:\/\/lifeseguridadnueva.lifeservicios.com\/index.php?rest_route=%2Fwp%2Fv2%2Fproduct_tag&post=3685"}],"curies":[{"name":"wp","href":"https:\/\/api.w.org\/{rel}","templated":true}]}}