{"id":3689,"date":"2016-09-07T17:54:00","date_gmt":"2016-09-07T22:54:00","guid":{"rendered":"https:\/\/lifeseguridadnueva.lifeservicios.com\/producto\/4090-9002-modulo-de-control-relay-iam-4090-9002\/"},"modified":"2023-03-01T21:28:08","modified_gmt":"2023-03-02T02:28:08","slug":"4090-9002-modulo-de-control-relay-iam-4090-9002","status":"publish","type":"product","link":"https:\/\/lifeseguridadnueva.lifeservicios.com\/?product=4090-9002-modulo-de-control-relay-iam-4090-9002","title":{"rendered":"4090-9002 M\u00f3dulo de control Relay IAM 4090-9002"},"content":{"rendered":"<h2>M\u00f3dulo de control Relay IAM 4090-9002<\/h2>\n<p> Listado UL, ULC, CSFM y aprobado por FM.<br \/>\n Provee control mediante un contacto seco.<br \/>\n Voltaje m\u00e1ximo de operaci\u00f3n de 24Vdc a 2A (resistivo) \u00f3 1A (inductivo).<br \/>\n Alimentaci\u00f3n el\u00e9ctrica y datos suministrados v\u00eda comunicaci\u00f3n IDNet de dos cables.<br \/>\n LED indicador de estado.<br \/>\n Compatible con paneles 4007ES, 4008, 4010, 4010ES, 4100U, 4100ES.<br \/>\n Aplicaciones t\u00edpicas: Arranque de la BCI, apagado de HVAC, control de ascensor y puertas.<\/p>\n","protected":false},"excerpt":{"rendered":"<p>M\u00f3dulo de control Relay IAM 4090-9002<\/p>\n<p><a class=\"ficha\" href=\"https:\/\/lifeseguridadnueva.lifeservicios.com\/ficha-tecnica\/4090-0002.pdf\" target=\"_blank\" rel=\"noopener\"><i class=\"iconoficha\"><\/i> FICHA T\u00c9CNICA<\/a><\/p>\n","protected":false},"featured_media":6117,"comment_status":"open","ping_status":"closed","template":"","meta":{"inline_featured_image":false},"product_cat":[200],"product_tag":[177],"aioseo_notices":[],"_links":{"self":[{"href":"https:\/\/lifeseguridadnueva.lifeservicios.com\/index.php?rest_route=\/wp\/v2\/product\/3689"}],"collection":[{"href":"https:\/\/lifeseguridadnueva.lifeservicios.com\/index.php?rest_route=\/wp\/v2\/product"}],"about":[{"href":"https:\/\/lifeseguridadnueva.lifeservicios.com\/index.php?rest_route=\/wp\/v2\/types\/product"}],"replies":[{"embeddable":true,"href":"https:\/\/lifeseguridadnueva.lifeservicios.com\/index.php?rest_route=%2Fwp%2Fv2%2Fcomments&post=3689"}],"wp:featuredmedia":[{"embeddable":true,"href":"https:\/\/lifeseguridadnueva.lifeservicios.com\/index.php?rest_route=\/wp\/v2\/media\/6117"}],"wp:attachment":[{"href":"https:\/\/lifeseguridadnueva.lifeservicios.com\/index.php?rest_route=%2Fwp%2Fv2%2Fmedia&parent=3689"}],"wp:term":[{"taxonomy":"product_cat","embeddable":true,"href":"https:\/\/lifeseguridadnueva.lifeservicios.com\/index.php?rest_route=%2Fwp%2Fv2%2Fproduct_cat&post=3689"},{"taxonomy":"product_tag","embeddable":true,"href":"https:\/\/lifeseguridadnueva.lifeservicios.com\/index.php?rest_route=%2Fwp%2Fv2%2Fproduct_tag&post=3689"}],"curies":[{"name":"wp","href":"https:\/\/api.w.org\/{rel}","templated":true}]}}