{"id":3691,"date":"2016-09-07T17:54:00","date_gmt":"2016-09-07T22:54:00","guid":{"rendered":"https:\/\/lifeseguridadnueva.lifeservicios.com\/producto\/4090-9007-modulo-signal-iam-4090-9007\/"},"modified":"2023-03-01T21:28:08","modified_gmt":"2023-03-02T02:28:08","slug":"4090-9007-modulo-signal-iam-4090-9007","status":"publish","type":"product","link":"https:\/\/lifeseguridadnueva.lifeservicios.com\/?product=4090-9007-modulo-signal-iam-4090-9007","title":{"rendered":"4090-9007 M\u00f3dulo Signal IAM 4090-9007"},"content":{"rendered":"<h2>M\u00f3dulo Signal IAM 4090-9007<\/h2>\n<p> Listado UL, ULC, CSFM y aprobado por FM.<br \/>\n Permite dividir un NAC en varias salidas supervisadas.<br \/>\n Alimentaci\u00f3n el\u00e9ctrica y datos suministrados v\u00eda comunicaci\u00f3n IDNet de dos cables.<br \/>\n Activaci\u00f3n independiente de cada Signal IAM mediante programaci\u00f3n.<br \/>\n Soporta conexi\u00f3n de sirenas, luces, campanas, parlantes.<br \/>\n LED indicador de estado.<br \/>\n Compatible con paneles 4007ES, 4008, 4010ES, 4100U, 4100ES.<\/p>\n","protected":false},"excerpt":{"rendered":"<p>M\u00f3dulo Signal IAM 4090-9007<\/p>\n<p><a class=\"ficha\" href=\"https:\/\/lifeseguridadnueva.lifeservicios.com\/ficha-tecnica\/4090-0010.pdf\" target=\"_blank\" rel=\"noopener\"><i class=\"iconoficha\"><\/i> FICHA T\u00c9CNICA<\/a><\/p>\n","protected":false},"featured_media":5936,"comment_status":"open","ping_status":"closed","template":"","meta":{"inline_featured_image":false},"product_cat":[200],"product_tag":[177],"aioseo_notices":[],"_links":{"self":[{"href":"https:\/\/lifeseguridadnueva.lifeservicios.com\/index.php?rest_route=\/wp\/v2\/product\/3691"}],"collection":[{"href":"https:\/\/lifeseguridadnueva.lifeservicios.com\/index.php?rest_route=\/wp\/v2\/product"}],"about":[{"href":"https:\/\/lifeseguridadnueva.lifeservicios.com\/index.php?rest_route=\/wp\/v2\/types\/product"}],"replies":[{"embeddable":true,"href":"https:\/\/lifeseguridadnueva.lifeservicios.com\/index.php?rest_route=%2Fwp%2Fv2%2Fcomments&post=3691"}],"wp:featuredmedia":[{"embeddable":true,"href":"https:\/\/lifeseguridadnueva.lifeservicios.com\/index.php?rest_route=\/wp\/v2\/media\/5936"}],"wp:attachment":[{"href":"https:\/\/lifeseguridadnueva.lifeservicios.com\/index.php?rest_route=%2Fwp%2Fv2%2Fmedia&parent=3691"}],"wp:term":[{"taxonomy":"product_cat","embeddable":true,"href":"https:\/\/lifeseguridadnueva.lifeservicios.com\/index.php?rest_route=%2Fwp%2Fv2%2Fproduct_cat&post=3691"},{"taxonomy":"product_tag","embeddable":true,"href":"https:\/\/lifeseguridadnueva.lifeservicios.com\/index.php?rest_route=%2Fwp%2Fv2%2Fproduct_tag&post=3691"}],"curies":[{"name":"wp","href":"https:\/\/api.w.org\/{rel}","templated":true}]}}