{"id":3701,"date":"2016-09-07T17:54:04","date_gmt":"2016-09-07T22:54:04","guid":{"rendered":"https:\/\/lifeseguridadnueva.lifeservicios.com\/producto\/4090-9117-modulo-aislador-de-24vdc-4090-9117\/"},"modified":"2023-03-01T21:28:09","modified_gmt":"2023-03-02T02:28:09","slug":"4090-9117-modulo-aislador-de-24vdc-4090-9117","status":"publish","type":"product","link":"https:\/\/lifeseguridadnueva.lifeservicios.com\/?product=4090-9117-modulo-aislador-de-24vdc-4090-9117","title":{"rendered":"4090-9117 M\u00f3dulo aislador de 24VDC 4090-9117"},"content":{"rendered":"<h2>M\u00f3dulo aislador de 24VDC 4090-9117<\/h2>\n<p> Listado UL, ULC, CSFM y aprobado por FM.<br \/>\n Conexiones de entrada\/salida aisladas ante corto circuito.<br \/>\n LED indicador de estado.<br \/>\n Compatible con paneles 4007ES, 4010ES, 4100U, 4100ES.<br \/>\n Aplicaciones t\u00edpicas: Protecci\u00f3n de l\u00ednea de alimentaci\u00f3n de m\u00f3dulos de zona y anunciadores remotos.<\/p>\n","protected":false},"excerpt":{"rendered":"<p>M\u00f3dulo aislador de 24VDC 4090-9117<\/p>\n<p><a class=\"ficha\" href=\"https:\/\/lifeseguridadnueva.lifeservicios.com\/ficha-tecnica\/4090-0006.pdf\" target=\"_blank\" rel=\"noopener\"><i class=\"iconoficha\"><\/i> FICHA T\u00c9CNICA<\/a><\/p>\n","protected":false},"featured_media":6122,"comment_status":"open","ping_status":"closed","template":"","meta":{"inline_featured_image":false},"product_cat":[200],"product_tag":[177],"aioseo_notices":[],"_links":{"self":[{"href":"https:\/\/lifeseguridadnueva.lifeservicios.com\/index.php?rest_route=\/wp\/v2\/product\/3701"}],"collection":[{"href":"https:\/\/lifeseguridadnueva.lifeservicios.com\/index.php?rest_route=\/wp\/v2\/product"}],"about":[{"href":"https:\/\/lifeseguridadnueva.lifeservicios.com\/index.php?rest_route=\/wp\/v2\/types\/product"}],"replies":[{"embeddable":true,"href":"https:\/\/lifeseguridadnueva.lifeservicios.com\/index.php?rest_route=%2Fwp%2Fv2%2Fcomments&post=3701"}],"wp:featuredmedia":[{"embeddable":true,"href":"https:\/\/lifeseguridadnueva.lifeservicios.com\/index.php?rest_route=\/wp\/v2\/media\/6122"}],"wp:attachment":[{"href":"https:\/\/lifeseguridadnueva.lifeservicios.com\/index.php?rest_route=%2Fwp%2Fv2%2Fmedia&parent=3701"}],"wp:term":[{"taxonomy":"product_cat","embeddable":true,"href":"https:\/\/lifeseguridadnueva.lifeservicios.com\/index.php?rest_route=%2Fwp%2Fv2%2Fproduct_cat&post=3701"},{"taxonomy":"product_tag","embeddable":true,"href":"https:\/\/lifeseguridadnueva.lifeservicios.com\/index.php?rest_route=%2Fwp%2Fv2%2Fproduct_tag&post=3701"}],"curies":[{"name":"wp","href":"https:\/\/api.w.org\/{rel}","templated":true}]}}