{"id":3711,"date":"2016-09-07T17:54:04","date_gmt":"2016-09-07T22:54:04","guid":{"rendered":"https:\/\/lifeseguridadnueva.lifeservicios.com\/producto\/4905-9929-modulo-aislador-de-lazo-idnac-4905-9929\/"},"modified":"2023-03-01T21:28:09","modified_gmt":"2023-03-02T02:28:09","slug":"4905-9929-modulo-aislador-de-lazo-idnac-4905-9929","status":"publish","type":"product","link":"https:\/\/lifeseguridadnueva.lifeservicios.com\/?product=4905-9929-modulo-aislador-de-lazo-idnac-4905-9929","title":{"rendered":"4905-9929 M\u00f3dulo aislador de lazo IDNac 4905-9929"},"content":{"rendered":"<h2>M\u00f3dulo aislador de lazo IDNac 4905-9929<\/h2>\n<p> Listado UL, ULC, CSFM y aprobado por FM.<br \/>\n Conexiones de entrada\/salida aisladas ante corto circuito en lazo IDNac.<br \/>\n LED indicador de estado.<br \/>\n Compatible con NAC Extender 4009T y fuentes de alimentaci\u00f3n EPS+ &#038; TPS.<br \/>\n Aplicaci\u00f3n: Protecci\u00f3n de los lazos correspondientes a los dispositivos de notificaci\u00f3n direccionables.<\/p>\n","protected":false},"excerpt":{"rendered":"<p>M\u00f3dulo aislador de lazo IDNac 4905-9929<\/p>\n<p><a class=\"ficha\" href=\"https:\/\/lifeseguridadnueva.lifeservicios.com\/ficha-tecnica\/4905-0001.pdf\" target=\"_blank\" rel=\"noopener\"><i class=\"iconoficha\"><\/i> FICHA T\u00c9CNICA<\/a><\/p>\n","protected":false},"featured_media":6123,"comment_status":"open","ping_status":"closed","template":"","meta":{"inline_featured_image":false},"product_cat":[200],"product_tag":[177],"aioseo_notices":[],"_links":{"self":[{"href":"https:\/\/lifeseguridadnueva.lifeservicios.com\/index.php?rest_route=\/wp\/v2\/product\/3711"}],"collection":[{"href":"https:\/\/lifeseguridadnueva.lifeservicios.com\/index.php?rest_route=\/wp\/v2\/product"}],"about":[{"href":"https:\/\/lifeseguridadnueva.lifeservicios.com\/index.php?rest_route=\/wp\/v2\/types\/product"}],"replies":[{"embeddable":true,"href":"https:\/\/lifeseguridadnueva.lifeservicios.com\/index.php?rest_route=%2Fwp%2Fv2%2Fcomments&post=3711"}],"wp:featuredmedia":[{"embeddable":true,"href":"https:\/\/lifeseguridadnueva.lifeservicios.com\/index.php?rest_route=\/wp\/v2\/media\/6123"}],"wp:attachment":[{"href":"https:\/\/lifeseguridadnueva.lifeservicios.com\/index.php?rest_route=%2Fwp%2Fv2%2Fmedia&parent=3711"}],"wp:term":[{"taxonomy":"product_cat","embeddable":true,"href":"https:\/\/lifeseguridadnueva.lifeservicios.com\/index.php?rest_route=%2Fwp%2Fv2%2Fproduct_cat&post=3711"},{"taxonomy":"product_tag","embeddable":true,"href":"https:\/\/lifeseguridadnueva.lifeservicios.com\/index.php?rest_route=%2Fwp%2Fv2%2Fproduct_tag&post=3711"}],"curies":[{"name":"wp","href":"https:\/\/api.w.org\/{rel}","templated":true}]}}