{"id":3789,"date":"2016-09-07T17:54:14","date_gmt":"2016-09-07T22:54:14","guid":{"rendered":"https:\/\/lifeseguridadnueva.lifeservicios.com\/producto\/pc4020-panel-de-control-maxsys-pc4020\/"},"modified":"2023-03-01T21:28:11","modified_gmt":"2023-03-02T02:28:11","slug":"pc4020-panel-de-control-maxsys-pc4020","status":"publish","type":"product","link":"https:\/\/lifeseguridadnueva.lifeservicios.com\/?product=pc4020-panel-de-control-maxsys-pc4020","title":{"rendered":"PC4020 Panel de control MAXSYS PC4020"},"content":{"rendered":"<h2>Panel de control MAXSYS PC4020<\/h2>\n<p> 16 zonas en placa<br \/>\n Expandible hasta 128 zonas por medio de m\u00f3dulos cableados, inal\u00e1mbricos y zonas direccionables<br \/>\n Soporta hasta 16 teclados cableados<br \/>\n Ocho particiones<br \/>\n Expandible hasta 64 zonas inal\u00e1mbricas<br \/>\n 1,500 c\u00f3digos de usuario (4 o 6 d\u00edgitos)<br \/>\n B\u00fafer para 3,000 eventos<br \/>\n Nueve n\u00fameros de cuenta y tres numerous telef\u00f3nicos<br \/>\n Supervisi\u00f3n de l\u00edneas telef\u00f3nicas y sirena incorporadas<br \/>\n Formatos Auto SIA y Contact ID<br \/>\n Compatible con comunicadores de alarma GSM y T-Link\u2122<br \/>\n Soporte total de carga\/descarga con software DLS 2002<br \/>\n Expansi\u00f3n cableada de COMBUS<\/p>\n","protected":false},"excerpt":{"rendered":"<p>Panel de control MAXSYS PC4020<\/p>\n<p><a class=\"ficha\" href=\"https:\/\/lifeseguridadnueva.lifeservicios.com\/ficha-tecnica\/pc4020-v-3-5-manual-de-instalacion-29007487r001-web-pdf\" target=\"_blank\" rel=\"noopener\"><i class=\"iconoficha\"><\/i> FICHA T\u00c9CNICA<\/a><\/p>\n","protected":false},"featured_media":5955,"comment_status":"open","ping_status":"closed","template":"","meta":{"inline_featured_image":false},"product_cat":[204],"product_tag":[157],"aioseo_notices":[],"_links":{"self":[{"href":"https:\/\/lifeseguridadnueva.lifeservicios.com\/index.php?rest_route=\/wp\/v2\/product\/3789"}],"collection":[{"href":"https:\/\/lifeseguridadnueva.lifeservicios.com\/index.php?rest_route=\/wp\/v2\/product"}],"about":[{"href":"https:\/\/lifeseguridadnueva.lifeservicios.com\/index.php?rest_route=\/wp\/v2\/types\/product"}],"replies":[{"embeddable":true,"href":"https:\/\/lifeseguridadnueva.lifeservicios.com\/index.php?rest_route=%2Fwp%2Fv2%2Fcomments&post=3789"}],"wp:featuredmedia":[{"embeddable":true,"href":"https:\/\/lifeseguridadnueva.lifeservicios.com\/index.php?rest_route=\/wp\/v2\/media\/5955"}],"wp:attachment":[{"href":"https:\/\/lifeseguridadnueva.lifeservicios.com\/index.php?rest_route=%2Fwp%2Fv2%2Fmedia&parent=3789"}],"wp:term":[{"taxonomy":"product_cat","embeddable":true,"href":"https:\/\/lifeseguridadnueva.lifeservicios.com\/index.php?rest_route=%2Fwp%2Fv2%2Fproduct_cat&post=3789"},{"taxonomy":"product_tag","embeddable":true,"href":"https:\/\/lifeseguridadnueva.lifeservicios.com\/index.php?rest_route=%2Fwp%2Fv2%2Fproduct_tag&post=3789"}],"curies":[{"name":"wp","href":"https:\/\/api.w.org\/{rel}","templated":true}]}}