{"id":3795,"date":"2016-09-07T17:54:14","date_gmt":"2016-09-07T22:54:14","guid":{"rendered":"https:\/\/lifeseguridadnueva.lifeservicios.com\/producto\/pk5500-teclado-alfanumerico-lcd-de-64-zonas-powerseries-pk5500\/"},"modified":"2023-03-01T21:28:12","modified_gmt":"2023-03-02T02:28:12","slug":"pk5500-teclado-alfanumerico-lcd-de-64-zonas-powerseries-pk5500","status":"publish","type":"product","link":"https:\/\/lifeseguridadnueva.lifeservicios.com\/?product=pk5500-teclado-alfanumerico-lcd-de-64-zonas-powerseries-pk5500","title":{"rendered":"PK5500 Teclado Alfanum\u00e9rico LCD de 64 Zonas PowerSeries PK5500"},"content":{"rendered":"<h2>Teclado Alfanum\u00e9rico LCD de 64 Zonas PowerSeries PK5500<\/h2>\n<p> Disponible en 13 idiomas<br \/>\n Estado de partici\u00f3n global<br \/>\n Etiquetas programables completas de 32 caracteres<br \/>\n Teclado horizontal con moderno dise\u00f1o de bajo perfil<br \/>\n Botones de teclado m\u00e1s grandes<br \/>\n Cinco teclas de funci\u00f3n programables<br \/>\n Programaci\u00f3n intuitiva del reloj*<br \/>\n El terminal de entrada y salida puede programarse para operar como una entrada de zona, salida programable o como un sensor de baja temperatura<br \/>\n 3 teclas de emergencia de un toque<br \/>\n M\u00faltiples timbres de puerta por zona<br \/>\n Retroiluminaci\u00f3n y sonido de teclado graduables<br \/>\n Canal de cables<br \/>\n Interruptor antisabotaje dual para montaje de pared dual y tapa frontal<br \/>\n Bisagra de montaje f\u00e1cil de instalar<br \/>\n Montaje en superficie o cajas de electricidad simple<br \/>\n \u00cdcono de estado de CA<br \/>\n V1.3 incluye un proceso sencillo de registro de dispositivos inal\u00e1mbricos con el panel v4.6 y bibliotecas de etiquetas preprogramadas (ingl\u00e9s, franc\u00e9s y espa\u00f1ol)<br \/>\n RFK5500 y el NUEVO RFK5500-868 incluyen todas las mismas caracter\u00edsticas y soporta 32 zonas inal\u00e1mbricas y 16 llaves inal\u00e1mbricas<br \/>\n RFK5564 incluye todas las mismas caracter\u00edsticas y soporta 64 zonas inal\u00e1mbricas y 16 llaves inal\u00e1mbricas<\/p>\n","protected":false},"excerpt":{"rendered":"<p>Teclado Alfanum\u00e9rico LCD de 64 Zonas PowerSeries PK5500<\/p>\n<p><a class=\"ficha\" href=\"https:\/\/lifeseguridadnueva.lifeservicios.com\/ficha-tecnica\/pk55xx-rfk55xx-29007789r001-install-man-fr-sp-pr-en.pdf\" target=\"_blank\" rel=\"noopener\"><i class=\"iconoficha\"><\/i> FICHA T\u00c9CNICA<\/a><\/p>\n","protected":false},"featured_media":5846,"comment_status":"open","ping_status":"closed","template":"","meta":{"inline_featured_image":false},"product_cat":[205],"product_tag":[157],"aioseo_notices":[],"_links":{"self":[{"href":"https:\/\/lifeseguridadnueva.lifeservicios.com\/index.php?rest_route=\/wp\/v2\/product\/3795"}],"collection":[{"href":"https:\/\/lifeseguridadnueva.lifeservicios.com\/index.php?rest_route=\/wp\/v2\/product"}],"about":[{"href":"https:\/\/lifeseguridadnueva.lifeservicios.com\/index.php?rest_route=\/wp\/v2\/types\/product"}],"replies":[{"embeddable":true,"href":"https:\/\/lifeseguridadnueva.lifeservicios.com\/index.php?rest_route=%2Fwp%2Fv2%2Fcomments&post=3795"}],"wp:featuredmedia":[{"embeddable":true,"href":"https:\/\/lifeseguridadnueva.lifeservicios.com\/index.php?rest_route=\/wp\/v2\/media\/5846"}],"wp:attachment":[{"href":"https:\/\/lifeseguridadnueva.lifeservicios.com\/index.php?rest_route=%2Fwp%2Fv2%2Fmedia&parent=3795"}],"wp:term":[{"taxonomy":"product_cat","embeddable":true,"href":"https:\/\/lifeseguridadnueva.lifeservicios.com\/index.php?rest_route=%2Fwp%2Fv2%2Fproduct_cat&post=3795"},{"taxonomy":"product_tag","embeddable":true,"href":"https:\/\/lifeseguridadnueva.lifeservicios.com\/index.php?rest_route=%2Fwp%2Fv2%2Fproduct_tag&post=3795"}],"curies":[{"name":"wp","href":"https:\/\/api.w.org\/{rel}","templated":true}]}}