{"id":3837,"date":"2016-09-07T17:54:19","date_gmt":"2016-09-07T22:54:19","guid":{"rendered":"https:\/\/lifeseguridadnueva.lifeservicios.com\/producto\/gs3055-igigw-interfase-para-back-celular-dsc-gs3055-igigw\/"},"modified":"2023-03-01T21:28:13","modified_gmt":"2023-03-02T02:28:13","slug":"gs3055-igigw-interfase-para-back-celular-dsc-gs3055-igigw","status":"publish","type":"product","link":"https:\/\/lifeseguridadnueva.lifeservicios.com\/?product=gs3055-igigw-interfase-para-back-celular-dsc-gs3055-igigw","title":{"rendered":"GS3055-IG\/IGW Interfase para Back Celular DSC GS3055-IG\/IGW"},"content":{"rendered":"<h2>Interfase para Back Celular DSC GS3055-IG\/IGW<\/h2>\n<p> Comunicador Universal GSM\/GPRS para alarmas GS3055-IG\/IGW<br \/>\n Compatible con paneles de control con el formato de comunicaci\u00f3n de Contact ID<br \/>\n Comunicador de alarma primario o secundario<br \/>\n Usa el canal de GPRS para comunicarse de manera r\u00e1pida y eficaz con un recibidor IP<br \/>\n Reporte total de eventos<br \/>\n 4 terminales programables de entrada<br \/>\n 4 salidas programables (colector abierto)<br \/>\n El comunicador SMS permite que 13 mensajes de texto predeterminados sean enviados en alarma<br \/>\n 8 n\u00fameros de tel\u00e9fono programables para comunicaci\u00f3n SMS<br \/>\n 95 n\u00fameros de tel\u00e9fono programables para controlar los terminales de salida<br \/>\n 4 LEDs de indicaci\u00f3n para se\u00f1al y operaci\u00f3n<br \/>\n Comunicaci\u00f3n por GPRS es compatible con los recibidores de Sur-Gard System II \/ III<br \/>\n GS3055-IGW(900 MHz\/1800 MHz)<br \/>\n GS3055-IG(850 MHz\/18900 MHz)<\/p>\n","protected":false},"excerpt":{"rendered":"<p>Interfase para Back Celular DSC GS3055-IG\/IGW<\/p>\n<p><a class=\"ficha\" href=\"https:\/\/lifeseguridadnueva.lifeservicios.com\/ficha-tecnica\/gs3055.pdf\" target=\"_blank\" rel=\"noopener\"><i class=\"iconoficha\"><\/i> FICHA T\u00c9CNICA<\/a><\/p>\n","protected":false},"featured_media":6004,"comment_status":"open","ping_status":"closed","template":"","meta":{"inline_featured_image":false},"product_cat":[218],"product_tag":[157],"aioseo_notices":[],"_links":{"self":[{"href":"https:\/\/lifeseguridadnueva.lifeservicios.com\/index.php?rest_route=\/wp\/v2\/product\/3837"}],"collection":[{"href":"https:\/\/lifeseguridadnueva.lifeservicios.com\/index.php?rest_route=\/wp\/v2\/product"}],"about":[{"href":"https:\/\/lifeseguridadnueva.lifeservicios.com\/index.php?rest_route=\/wp\/v2\/types\/product"}],"replies":[{"embeddable":true,"href":"https:\/\/lifeseguridadnueva.lifeservicios.com\/index.php?rest_route=%2Fwp%2Fv2%2Fcomments&post=3837"}],"wp:featuredmedia":[{"embeddable":true,"href":"https:\/\/lifeseguridadnueva.lifeservicios.com\/index.php?rest_route=\/wp\/v2\/media\/6004"}],"wp:attachment":[{"href":"https:\/\/lifeseguridadnueva.lifeservicios.com\/index.php?rest_route=%2Fwp%2Fv2%2Fmedia&parent=3837"}],"wp:term":[{"taxonomy":"product_cat","embeddable":true,"href":"https:\/\/lifeseguridadnueva.lifeservicios.com\/index.php?rest_route=%2Fwp%2Fv2%2Fproduct_cat&post=3837"},{"taxonomy":"product_tag","embeddable":true,"href":"https:\/\/lifeseguridadnueva.lifeservicios.com\/index.php?rest_route=%2Fwp%2Fv2%2Fproduct_tag&post=3837"}],"curies":[{"name":"wp","href":"https:\/\/api.w.org\/{rel}","templated":true}]}}