{"id":3841,"date":"2016-09-07T17:54:19","date_gmt":"2016-09-07T22:54:19","guid":{"rendered":"https:\/\/lifeseguridadnueva.lifeservicios.com\/producto\/d7039-modulo-de-expansion-d7039\/"},"modified":"2023-03-01T21:28:13","modified_gmt":"2023-03-02T02:28:13","slug":"d7039-modulo-de-expansion-d7039","status":"publish","type":"product","link":"https:\/\/lifeseguridadnueva.lifeservicios.com\/?product=d7039-modulo-de-expansion-d7039","title":{"rendered":"D7039 Mod\u00falo de Expansi\u00f3n &#8211; D7039"},"content":{"rendered":"<h2>Mod\u00falo de Expansi\u00f3n Multiplex Direccionable (FDP 7024) Marca BOSCH D7039<\/h2>\n<p> Dos lazos de clase B, de 247 puntos direccionables.<br \/>\n Amplia los c\u00f3digos pin a 100<br \/>\n Aumenta la memoria a 499 eventos.<\/p>\n","protected":false},"excerpt":{"rendered":"<p>Mod\u00falo de Expansi\u00f3n &#8211; D7039<\/p>\n","protected":false},"featured_media":5840,"comment_status":"open","ping_status":"closed","template":"","meta":{"inline_featured_image":false},"product_cat":[185],"product_tag":[153],"aioseo_notices":[],"_links":{"self":[{"href":"https:\/\/lifeseguridadnueva.lifeservicios.com\/index.php?rest_route=\/wp\/v2\/product\/3841"}],"collection":[{"href":"https:\/\/lifeseguridadnueva.lifeservicios.com\/index.php?rest_route=\/wp\/v2\/product"}],"about":[{"href":"https:\/\/lifeseguridadnueva.lifeservicios.com\/index.php?rest_route=\/wp\/v2\/types\/product"}],"replies":[{"embeddable":true,"href":"https:\/\/lifeseguridadnueva.lifeservicios.com\/index.php?rest_route=%2Fwp%2Fv2%2Fcomments&post=3841"}],"wp:featuredmedia":[{"embeddable":true,"href":"https:\/\/lifeseguridadnueva.lifeservicios.com\/index.php?rest_route=\/wp\/v2\/media\/5840"}],"wp:attachment":[{"href":"https:\/\/lifeseguridadnueva.lifeservicios.com\/index.php?rest_route=%2Fwp%2Fv2%2Fmedia&parent=3841"}],"wp:term":[{"taxonomy":"product_cat","embeddable":true,"href":"https:\/\/lifeseguridadnueva.lifeservicios.com\/index.php?rest_route=%2Fwp%2Fv2%2Fproduct_cat&post=3841"},{"taxonomy":"product_tag","embeddable":true,"href":"https:\/\/lifeseguridadnueva.lifeservicios.com\/index.php?rest_route=%2Fwp%2Fv2%2Fproduct_tag&post=3841"}],"curies":[{"name":"wp","href":"https:\/\/api.w.org\/{rel}","templated":true}]}}