{"id":3916,"date":"2016-09-07T17:54:36","date_gmt":"2016-09-07T22:54:36","guid":{"rendered":"https:\/\/lifeseguridadnueva.lifeservicios.com\/producto\/i-9105r-detector-inteligente-de-rayos-re-fectivos-gst\/"},"modified":"2023-03-01T21:28:15","modified_gmt":"2023-03-02T02:28:15","slug":"i-9105r-detector-inteligente-de-rayos-re-fectivos-gst","status":"publish","type":"product","link":"https:\/\/lifeseguridadnueva.lifeservicios.com\/?product=i-9105r-detector-inteligente-de-rayos-re-fectivos-gst","title":{"rendered":"i-9105R Detector Inteligente de Rayos Re fectivos GST"},"content":{"rendered":"<h2>Detector Inteligente de Rayos Reflectivos GST<\/h2>\n<p> Amplia zona de control, rango 8-100 metros<br \/>\n Combinaci\u00f3n de las partes emisora y receptoras hace que de montaje sea f\u00e1cil y preciso<br \/>\n Instalacion simple y de bajo costo para el transmitor y el refractante via espejos \u00abhoney comb\u00bb.<br \/>\n R\u00e1pido y f\u00e1cil de configurar.<br \/>\n Microprocesador integrado<br \/>\n Compatible con sistemas convencionales<br \/>\n Funci\u00f3n de autodiagn\u00f3stico pueden ayudar a vigilar los fallos internos<br \/>\n Compensaci\u00f3n autom\u00e1tica de debilitamiento de las se\u00f1ales recibidas, tales como la contaminaci\u00f3n por polvo, cambio de<br \/>\n posici\u00f3n y envejecimiento de la emisora<br \/>\n Dos niveles seleccionables de ajuste de la sensibilidad.<br \/>\n Tecnolog\u00eda de procesamiento SMT<br \/>\n Apariencia atractiva y agradable<\/p>\n","protected":false},"excerpt":{"rendered":"<p>Detector Inteligente de Rayos Reflectivos GST<\/p>\n<p><a class=\"ficha\" href=\"https:\/\/lifeseguridadnueva.lifeservicios.com\/ficha-tecnica\/i-9105r.pdf\" target=\"_blank\" rel=\"noopener\"><i class=\"iconoficha\"><\/i> FICHA T\u00c9CNICA<\/a><\/p>\n","protected":false},"featured_media":6080,"comment_status":"open","ping_status":"closed","template":"","meta":{"inline_featured_image":false},"product_cat":[194],"product_tag":[161],"aioseo_notices":[],"_links":{"self":[{"href":"https:\/\/lifeseguridadnueva.lifeservicios.com\/index.php?rest_route=\/wp\/v2\/product\/3916"}],"collection":[{"href":"https:\/\/lifeseguridadnueva.lifeservicios.com\/index.php?rest_route=\/wp\/v2\/product"}],"about":[{"href":"https:\/\/lifeseguridadnueva.lifeservicios.com\/index.php?rest_route=\/wp\/v2\/types\/product"}],"replies":[{"embeddable":true,"href":"https:\/\/lifeseguridadnueva.lifeservicios.com\/index.php?rest_route=%2Fwp%2Fv2%2Fcomments&post=3916"}],"wp:featuredmedia":[{"embeddable":true,"href":"https:\/\/lifeseguridadnueva.lifeservicios.com\/index.php?rest_route=\/wp\/v2\/media\/6080"}],"wp:attachment":[{"href":"https:\/\/lifeseguridadnueva.lifeservicios.com\/index.php?rest_route=%2Fwp%2Fv2%2Fmedia&parent=3916"}],"wp:term":[{"taxonomy":"product_cat","embeddable":true,"href":"https:\/\/lifeseguridadnueva.lifeservicios.com\/index.php?rest_route=%2Fwp%2Fv2%2Fproduct_cat&post=3916"},{"taxonomy":"product_tag","embeddable":true,"href":"https:\/\/lifeseguridadnueva.lifeservicios.com\/index.php?rest_route=%2Fwp%2Fv2%2Fproduct_tag&post=3916"}],"curies":[{"name":"wp","href":"https:\/\/api.w.org\/{rel}","templated":true}]}}