{"id":3936,"date":"2016-09-07T17:54:39","date_gmt":"2016-09-07T22:54:39","guid":{"rendered":"https:\/\/lifeseguridadnueva.lifeservicios.com\/producto\/ram-300lcdr-anunciador-remoto-lcd\/"},"modified":"2023-03-01T21:28:16","modified_gmt":"2023-03-02T02:28:16","slug":"ram-300lcdr-anunciador-remoto-lcd","status":"publish","type":"product","link":"https:\/\/lifeseguridadnueva.lifeservicios.com\/?product=ram-300lcdr-anunciador-remoto-lcd","title":{"rendered":"RAM-300LCDR Anunciador Remoto LCD"},"content":{"rendered":"<h2>Anunciador Remoto LCD<\/h2>\n<p> El RAM-300LCD ofrece anunciaci\u00f3n remota LCDa trav\u00e9s de una pantalla LCD de dos l\u00edneas por 20 caracteres .<br \/>\n El RAM-300LCD ofrece interruptores de control para restablecimiento del sistema, Silencio de se\u00f1al, Simulacro de incendio y Reconocimiento as\u00ed como un teclado num\u00e9rico para acceder a las funciones del men\u00fa.<br \/>\n Las funciones de control comunes se puede desactivar sobre una base por funci\u00f3n. El RAM-300LCDR tiene indicadores LED para A.C. On, Alarma, Supervision, Problemas y Falla de CPU.<\/p>\n","protected":false},"excerpt":{"rendered":"<p>Anunciador Remoto LCD<\/p>\n","protected":false},"featured_media":5965,"comment_status":"open","ping_status":"closed","template":"","meta":{"inline_featured_image":false},"product_cat":[186],"product_tag":[168],"aioseo_notices":[],"_links":{"self":[{"href":"https:\/\/lifeseguridadnueva.lifeservicios.com\/index.php?rest_route=\/wp\/v2\/product\/3936"}],"collection":[{"href":"https:\/\/lifeseguridadnueva.lifeservicios.com\/index.php?rest_route=\/wp\/v2\/product"}],"about":[{"href":"https:\/\/lifeseguridadnueva.lifeservicios.com\/index.php?rest_route=\/wp\/v2\/types\/product"}],"replies":[{"embeddable":true,"href":"https:\/\/lifeseguridadnueva.lifeservicios.com\/index.php?rest_route=%2Fwp%2Fv2%2Fcomments&post=3936"}],"wp:featuredmedia":[{"embeddable":true,"href":"https:\/\/lifeseguridadnueva.lifeservicios.com\/index.php?rest_route=\/wp\/v2\/media\/5965"}],"wp:attachment":[{"href":"https:\/\/lifeseguridadnueva.lifeservicios.com\/index.php?rest_route=%2Fwp%2Fv2%2Fmedia&parent=3936"}],"wp:term":[{"taxonomy":"product_cat","embeddable":true,"href":"https:\/\/lifeseguridadnueva.lifeservicios.com\/index.php?rest_route=%2Fwp%2Fv2%2Fproduct_cat&post=3936"},{"taxonomy":"product_tag","embeddable":true,"href":"https:\/\/lifeseguridadnueva.lifeservicios.com\/index.php?rest_route=%2Fwp%2Fv2%2Fproduct_tag&post=3936"}],"curies":[{"name":"wp","href":"https:\/\/api.w.org\/{rel}","templated":true}]}}