{"id":3948,"date":"2016-09-07T17:54:40","date_gmt":"2016-09-07T22:54:40","guid":{"rendered":"https:\/\/lifeseguridadnueva.lifeservicios.com\/producto\/mix-101p-mini-modulo-direccionable-inteligente\/"},"modified":"2023-03-01T21:28:16","modified_gmt":"2023-03-02T02:28:16","slug":"mix-101p-mini-modulo-direccionable-inteligente","status":"publish","type":"product","link":"https:\/\/lifeseguridadnueva.lifeservicios.com\/?product=mix-101p-mini-modulo-direccionable-inteligente","title":{"rendered":"MIX-101P Mini-M\u00f3dulo Direccionable Inteligente"},"content":{"rendered":"<h2>Mini-M\u00f3dulo Direccionable Inteligente<\/h2>\n<p> El mini m\u00f3dulo de monitoreo de prioridad direccionable inteligente (MIX-101P) proporciona una direcci\u00f3n para un grupo de dispositivos iniciadores normalmente abierto (N.O.) listados UL\/ULC, tales como detectores de calor, detectores de haz de humo, detectores de humos de 4 hilos, interruptores de flujo de agua, estaciones manuales, etc. conectados en un circuito de iniciaci\u00f3n clase A (estilo D) o ClaseB (estilo B) . El MIX-101P est\u00e1 equipado con una interrupci\u00f3n de prioridad para proporcionar una respuesta r\u00e1pida a condiciones de emergencia. El MIX-101P cuenta con un LED rojo activo.<\/p>\n","protected":false},"excerpt":{"rendered":"<p>Mini-M\u00f3dulo Direccionable Inteligente<\/p>\n<p><a class=\"ficha\" href=\"https:\/\/lifeseguridadnueva.lifeservicios.com\/ficha-tecnica\/mix-100p.pdf\" target=\"_blank\" rel=\"noopener\"><i class=\"iconoficha\"><\/i> FICHA T\u00c9CNICA<\/a><\/p>\n","protected":false},"featured_media":5830,"comment_status":"open","ping_status":"closed","template":"","meta":{"inline_featured_image":false},"product_cat":[200],"product_tag":[168],"aioseo_notices":[],"_links":{"self":[{"href":"https:\/\/lifeseguridadnueva.lifeservicios.com\/index.php?rest_route=\/wp\/v2\/product\/3948"}],"collection":[{"href":"https:\/\/lifeseguridadnueva.lifeservicios.com\/index.php?rest_route=\/wp\/v2\/product"}],"about":[{"href":"https:\/\/lifeseguridadnueva.lifeservicios.com\/index.php?rest_route=\/wp\/v2\/types\/product"}],"replies":[{"embeddable":true,"href":"https:\/\/lifeseguridadnueva.lifeservicios.com\/index.php?rest_route=%2Fwp%2Fv2%2Fcomments&post=3948"}],"wp:featuredmedia":[{"embeddable":true,"href":"https:\/\/lifeseguridadnueva.lifeservicios.com\/index.php?rest_route=\/wp\/v2\/media\/5830"}],"wp:attachment":[{"href":"https:\/\/lifeseguridadnueva.lifeservicios.com\/index.php?rest_route=%2Fwp%2Fv2%2Fmedia&parent=3948"}],"wp:term":[{"taxonomy":"product_cat","embeddable":true,"href":"https:\/\/lifeseguridadnueva.lifeservicios.com\/index.php?rest_route=%2Fwp%2Fv2%2Fproduct_cat&post=3948"},{"taxonomy":"product_tag","embeddable":true,"href":"https:\/\/lifeseguridadnueva.lifeservicios.com\/index.php?rest_route=%2Fwp%2Fv2%2Fproduct_tag&post=3948"}],"curies":[{"name":"wp","href":"https:\/\/api.w.org\/{rel}","templated":true}]}}