{"id":3952,"date":"2016-09-07T17:54:40","date_gmt":"2016-09-07T22:54:40","guid":{"rendered":"https:\/\/lifeseguridadnueva.lifeservicios.com\/producto\/bps-602220-fuente-de-alimentacion-remota\/"},"modified":"2023-03-01T21:28:16","modified_gmt":"2023-03-02T02:28:16","slug":"bps-602220-fuente-de-alimentacion-remota","status":"publish","type":"product","link":"https:\/\/lifeseguridadnueva.lifeservicios.com\/?product=bps-602220-fuente-de-alimentacion-remota","title":{"rendered":"BPS-602\/220 Fuente de Alimentaci\u00f3n Remota"},"content":{"rendered":"<h2>Fuente de Alimentaci\u00f3n Remota<\/h2>\n<p> Entrada de corriente de 115 VCA 60 Hz, 1,45 amp.<br \/>\n Dos entradas (2) de clase A o dos (2) Clase B<br \/>\n Salidas de tensi\u00f3n de alimentaci\u00f3n limitada reguladas seleccionables en campo 24VDC o 12VDC<br \/>\n Amplificador de corriente m\u00e1xima total de alarma 24VDC o 12VDC rated a 6.5<br \/>\n 2,5 amperios por salida m\u00e1x<br \/>\n Una salida auxiliar con capacidad de restablecimiento remoto y integrado de 1 amp<br \/>\n Dos (2) salidas se pueden conectar en paralelo para obtener m\u00e1s poder en un circuito<br \/>\n Salidas de circuito programable supervisados: Hasta cuatro (4) Clase B o dos (2) de la Clase A o un (1) Clase A y dos (2) Clase de circuito BThermal y proteccion de circuito corto con auto reseteo<br \/>\n Cargador incorporado para baterias o baterias tipo gel<br \/>\n Cambio autom\u00e1tico al modo de espera de la bater\u00eda cuando se produce un error de CA<br \/>\n Cero ca\u00edda de tensi\u00f3n, al pasar a reserva de la bater\u00eda<br \/>\n Pila de protecci\u00f3n PTC<br \/>\n Supervisi\u00f3n de fallas AC (contacto tipo \u00abC\u00bb , 1 amp \/ 28 V CC). El ajuste de f\u00e1brica por 1 minuto con la opci\u00f3n de ajuste de 18 horas de retraso (seleccionable)<br \/>\n Presencia de la bater\u00eda y supervisi\u00f3n de bater\u00eda baja (tipo \u00abC\u00bb de contacto, 1 amp \/ 28 V CC)<br \/>\n Indicadores LED de estado de entrada y salida<br \/>\n 2 cables modo de sincronizaci\u00f3n de sirena \/ estrobo permite a dispositivos audibles de notificaci\u00f3n (sirenas) ser silenciado, mientras que los aparatos de notificaci\u00f3n visual (luces estrobosc\u00f3picas) siguen funcionando<br \/>\n C\u00f3digo Temporal 3, modo constante, modo de seguidor de entrada a salida (mantiene la sincronizaci\u00f3n de los circuitos de notificacion)<br \/>\n Protocolos de sincronizaci\u00f3n Sirena\/Estrobo incluyen de Mircom, Amseco, Gentex, System Sensor, Faraday y Wheelock<br \/>\n Tiempo de Marcha<br \/>\n Compatible con centrales de incendios de 12 o 24 V CC.<br \/>\n Salida de filtrado y regulado electr\u00f3nico<br \/>\n Supervisi\u00f3n de salida bucle dirigido a la entrada 1 o 2<br \/>\n Detecci\u00f3n de fallas a tierra<br \/>\n La unidad incluye fuente de alimentaci\u00f3n, gabinete rojo, seguro de ajuste, bastidor abierto, transformador y cables de bater\u00eda<\/p>\n","protected":false},"excerpt":{"rendered":"<p>Fuente de Alimentaci\u00f3n Remota<\/p>\n<p><a class=\"ficha\" href=\"https:\/\/lifeseguridadnueva.lifeservicios.com\/ficha-tecnica\/bps-602220.pdf\" target=\"_blank\" rel=\"noopener\"><i class=\"iconoficha\"><\/i> FICHA T\u00c9CNICA<\/a><\/p>\n","protected":false},"featured_media":5971,"comment_status":"open","ping_status":"closed","template":"","meta":{"inline_featured_image":false},"product_cat":[199],"product_tag":[168],"aioseo_notices":[],"_links":{"self":[{"href":"https:\/\/lifeseguridadnueva.lifeservicios.com\/index.php?rest_route=\/wp\/v2\/product\/3952"}],"collection":[{"href":"https:\/\/lifeseguridadnueva.lifeservicios.com\/index.php?rest_route=\/wp\/v2\/product"}],"about":[{"href":"https:\/\/lifeseguridadnueva.lifeservicios.com\/index.php?rest_route=\/wp\/v2\/types\/product"}],"replies":[{"embeddable":true,"href":"https:\/\/lifeseguridadnueva.lifeservicios.com\/index.php?rest_route=%2Fwp%2Fv2%2Fcomments&post=3952"}],"wp:featuredmedia":[{"embeddable":true,"href":"https:\/\/lifeseguridadnueva.lifeservicios.com\/index.php?rest_route=\/wp\/v2\/media\/5971"}],"wp:attachment":[{"href":"https:\/\/lifeseguridadnueva.lifeservicios.com\/index.php?rest_route=%2Fwp%2Fv2%2Fmedia&parent=3952"}],"wp:term":[{"taxonomy":"product_cat","embeddable":true,"href":"https:\/\/lifeseguridadnueva.lifeservicios.com\/index.php?rest_route=%2Fwp%2Fv2%2Fproduct_cat&post=3952"},{"taxonomy":"product_tag","embeddable":true,"href":"https:\/\/lifeseguridadnueva.lifeservicios.com\/index.php?rest_route=%2Fwp%2Fv2%2Fproduct_tag&post=3952"}],"curies":[{"name":"wp","href":"https:\/\/api.w.org\/{rel}","templated":true}]}}