{"id":3956,"date":"2016-09-07T17:54:41","date_gmt":"2016-09-07T22:54:41","guid":{"rendered":"https:\/\/lifeseguridadnueva.lifeservicios.com\/producto\/mix-3100-detector-de-humo-fotoelectrico-inteligente-direccionable\/"},"modified":"2023-03-01T21:28:17","modified_gmt":"2023-03-02T02:28:17","slug":"mix-3100-detector-de-humo-fotoelectrico-inteligente-direccionable","status":"publish","type":"product","link":"https:\/\/lifeseguridadnueva.lifeservicios.com\/?product=mix-3100-detector-de-humo-fotoelectrico-inteligente-direccionable","title":{"rendered":"MIX-3100 Detector de Humo Fotoel\u00e9ctrico Inteligente Direccionable MIRCOM"},"content":{"rendered":"<h2>Detector de Humo Fotoel\u00e9ctrico Inteligente Direccionable MIRCOM<\/h2>\n<h2>Detector de Humo de 2 y 4 hilos HAGROY<\/h2>\n<p>Equipo para \u201cCentral de Alarmas Contra Incendio Centralizado\u201d, cumple con INDECI<\/p>\n<p>Nuestro detector de humo fotoelectrico\u00a0se puede instalar con la l\u00ednea de paneles\u00a0Mircom<\/p>\n<p>Se activa cuando existe una presencia de humo en el ambiente salvando vidas, ideal para oficinas, f\u00e1bricas, edificios por departamentos, almacenes y cualquier\u00a0otro ambiente donde exista un riesgo de incendio.<\/p>\n<p>El sensor de humo utiliza una c\u00e1mara de sensibilidad \u00f3ptica \u00fanica que esta dise\u00f1ada para detectar humo producido por una amplia gama de fuentes de combusti\u00f3n. El detector fotoel\u00e9ctrico esta equipado con LED que tintinea cuando el detector es removido y se enciende cuando el detector se convierte en alarma.<\/p>\n<p>Dise\u00f1o de bajo perfil<br \/>\nPara usar con la serie de paneles de alarma contra incendio FX-350<br \/>\nTiempo de respuesta r\u00e1pida<br \/>\nVariedad de bases para montar<br \/>\nF\u00e1cil de instalar<br \/>\nElegante, dise\u00f1o discreto<br \/>\nComunicador digital<\/p>\n","protected":false},"excerpt":{"rendered":"<p>Detector de Humo Fotoel\u00e9ctrico Inteligente Direccionable MIRCOM<\/p>\n<p>Equipo para \u201cCentral de Alarmas Contra Incendio Centralizado\u201d, cumple con INDECI<\/p>\n<p>Nuestro detector de humo fotoelectrico\u00a0se puede instalar con la l\u00ednea de paneles\u00a0Mircom<\/p>\n<p><a class=\"ficha\" href=\"https:\/\/lifeseguridadnueva.lifeservicios.com\/ficha-tecnica\/mix-3100.pdf\" target=\"_blank\" rel=\"noopener\"><i class=\"iconoficha\"><\/i> FICHA T\u00c9CNICA<\/a><\/p>\n","protected":false},"featured_media":5898,"comment_status":"open","ping_status":"closed","template":"","meta":{"inline_featured_image":false},"product_cat":[188],"product_tag":[168],"aioseo_notices":[],"_links":{"self":[{"href":"https:\/\/lifeseguridadnueva.lifeservicios.com\/index.php?rest_route=\/wp\/v2\/product\/3956"}],"collection":[{"href":"https:\/\/lifeseguridadnueva.lifeservicios.com\/index.php?rest_route=\/wp\/v2\/product"}],"about":[{"href":"https:\/\/lifeseguridadnueva.lifeservicios.com\/index.php?rest_route=\/wp\/v2\/types\/product"}],"replies":[{"embeddable":true,"href":"https:\/\/lifeseguridadnueva.lifeservicios.com\/index.php?rest_route=%2Fwp%2Fv2%2Fcomments&post=3956"}],"wp:featuredmedia":[{"embeddable":true,"href":"https:\/\/lifeseguridadnueva.lifeservicios.com\/index.php?rest_route=\/wp\/v2\/media\/5898"}],"wp:attachment":[{"href":"https:\/\/lifeseguridadnueva.lifeservicios.com\/index.php?rest_route=%2Fwp%2Fv2%2Fmedia&parent=3956"}],"wp:term":[{"taxonomy":"product_cat","embeddable":true,"href":"https:\/\/lifeseguridadnueva.lifeservicios.com\/index.php?rest_route=%2Fwp%2Fv2%2Fproduct_cat&post=3956"},{"taxonomy":"product_tag","embeddable":true,"href":"https:\/\/lifeseguridadnueva.lifeservicios.com\/index.php?rest_route=%2Fwp%2Fv2%2Fproduct_tag&post=3956"}],"curies":[{"name":"wp","href":"https:\/\/api.w.org\/{rel}","templated":true}]}}