{"id":3984,"date":"2016-09-07T17:54:45","date_gmt":"2016-09-07T22:54:45","guid":{"rendered":"https:\/\/lifeseguridadnueva.lifeservicios.com\/producto\/mix-100s-modulo-de-control-de-notificacion-inteligente\/"},"modified":"2023-03-01T21:28:17","modified_gmt":"2023-03-02T02:28:17","slug":"mix-100s-modulo-de-control-de-notificacion-inteligente","status":"publish","type":"product","link":"https:\/\/lifeseguridadnueva.lifeservicios.com\/?product=mix-100s-modulo-de-control-de-notificacion-inteligente","title":{"rendered":"MIX-100S M\u00f3dulo de control de Notificaci\u00f3n Inteligente"},"content":{"rendered":"<h2>M\u00f3dulo de control de Notificaci\u00f3n Inteligente<\/h2>\n<p> El M\u00f3dulo de control MIX-100S proporciona un control supervisado del cableado a dispositivos de se\u00f1alizaci\u00f3n que requieren una fuente de alimentaci\u00f3n externa para operar, tales como bocinas, luces estrobosc\u00f3picas, timbres o altavoces. Se\u00f1ales convencionales que requieren una fuente de 24 VCC y los altavoces requerir\u00e1 una entrada de audio. El LED rojo se iluminar\u00e1 cuando el m\u00f3dulo est\u00e1 activado. El m\u00f3dulo puede de supervisar Clase A (Estilo Z) o Clase B (Estilo Y).<\/p>\n","protected":false},"excerpt":{"rendered":"<p>M\u00f3dulo de control de Notificaci\u00f3n Inteligente<\/p>\n<p><a class=\"ficha\" href=\"https:\/\/lifeseguridadnueva.lifeservicios.com\/ficha-tecnica\/mix-100p.pdf\" target=\"_blank\" rel=\"noopener\"><i class=\"iconoficha\"><\/i> FICHA T\u00c9CNICA<\/a><\/p>\n","protected":false},"featured_media":5835,"comment_status":"open","ping_status":"closed","template":"","meta":{"inline_featured_image":false},"product_cat":[200],"product_tag":[168],"aioseo_notices":[],"_links":{"self":[{"href":"https:\/\/lifeseguridadnueva.lifeservicios.com\/index.php?rest_route=\/wp\/v2\/product\/3984"}],"collection":[{"href":"https:\/\/lifeseguridadnueva.lifeservicios.com\/index.php?rest_route=\/wp\/v2\/product"}],"about":[{"href":"https:\/\/lifeseguridadnueva.lifeservicios.com\/index.php?rest_route=\/wp\/v2\/types\/product"}],"replies":[{"embeddable":true,"href":"https:\/\/lifeseguridadnueva.lifeservicios.com\/index.php?rest_route=%2Fwp%2Fv2%2Fcomments&post=3984"}],"wp:featuredmedia":[{"embeddable":true,"href":"https:\/\/lifeseguridadnueva.lifeservicios.com\/index.php?rest_route=\/wp\/v2\/media\/5835"}],"wp:attachment":[{"href":"https:\/\/lifeseguridadnueva.lifeservicios.com\/index.php?rest_route=%2Fwp%2Fv2%2Fmedia&parent=3984"}],"wp:term":[{"taxonomy":"product_cat","embeddable":true,"href":"https:\/\/lifeseguridadnueva.lifeservicios.com\/index.php?rest_route=%2Fwp%2Fv2%2Fproduct_cat&post=3984"},{"taxonomy":"product_tag","embeddable":true,"href":"https:\/\/lifeseguridadnueva.lifeservicios.com\/index.php?rest_route=%2Fwp%2Fv2%2Fproduct_tag&post=3984"}],"curies":[{"name":"wp","href":"https:\/\/api.w.org\/{rel}","templated":true}]}}