{"id":4006,"date":"2016-09-07T17:54:46","date_gmt":"2016-09-07T22:54:46","guid":{"rendered":"https:\/\/lifeseguridadnueva.lifeservicios.com\/producto\/rk600s-detector-de-golpe-digital-shocktec-risco\/"},"modified":"2023-03-01T21:28:18","modified_gmt":"2023-03-02T02:28:18","slug":"rk600s-detector-de-golpe-digital-shocktec-risco","status":"publish","type":"product","link":"https:\/\/lifeseguridadnueva.lifeservicios.com\/?product=rk600s-detector-de-golpe-digital-shocktec-risco","title":{"rendered":"RK600S Detector de Golpe Digital ShockTec Risco"},"content":{"rendered":"<h2>Detector de Golpe Digital ShockTec Risco<\/h2>\n<p> 24 horas de protecci\u00f3n para ventanas, puertas, paredes y techos, con movimiento no restringido por todo el local<br \/>\n Microprocesador Digital con el Procesamiento Inteligente de Se\u00f1al Digital proporciona una excelente inmunidad a falsas alarmas, eliminando frecuencias que no puedan ser causadas por un intento indebido de entrada<br \/>\n Detecci\u00f3n de Ataques Bruscos para identificar impulsos de gran energ\u00eda<br \/>\n El LED de tres colores facilita la calibraci\u00f3n precisa y confiable, con indicaci\u00f3n de \u00absensibilidad-excesiva\u00bb y \u00absensibilidad-insuficiente<br \/>\n Modelo con interruptores magn\u00e9ticos internos reed para doble protecci\u00f3n (choque y contacto) ahorran en tiempo y costo de instalaci\u00f3n<br \/>\n El im\u00e1n puede ser instalado a ambos lados del detector a una distancia de hasta 20 mm. (0.8 pulgadas)<br \/>\n Instalable en marco o vidrio, de modo vertical u horizontal<br \/>\n Potenci\u00f3metro de ajuste de dos grados<br \/>\n Sensor piezo-el\u00e9ctrico encapsulado<br \/>\n Protecci\u00f3n tamper de la tapa<br \/>\n Moderno dise\u00f1o con amplio espacio para el cableado y aislamiento herm\u00e9tico de los cables<\/p>\n","protected":false},"excerpt":{"rendered":"<p>Detector de Golpe Digital ShockTec Risco<\/p>\n<p><a class=\"ficha\" href=\"https:\/\/lifeseguridadnueva.lifeservicios.com\/ficha-tecnica\/rk600s.pdf\" target=\"_blank\" rel=\"noopener\"><i class=\"iconoficha\"><\/i> FICHA T\u00c9CNICA<\/a><\/p>\n","protected":false},"featured_media":6150,"comment_status":"open","ping_status":"closed","template":"","meta":{"inline_featured_image":false},"product_cat":[211],"product_tag":[171],"aioseo_notices":[],"_links":{"self":[{"href":"https:\/\/lifeseguridadnueva.lifeservicios.com\/index.php?rest_route=\/wp\/v2\/product\/4006"}],"collection":[{"href":"https:\/\/lifeseguridadnueva.lifeservicios.com\/index.php?rest_route=\/wp\/v2\/product"}],"about":[{"href":"https:\/\/lifeseguridadnueva.lifeservicios.com\/index.php?rest_route=\/wp\/v2\/types\/product"}],"replies":[{"embeddable":true,"href":"https:\/\/lifeseguridadnueva.lifeservicios.com\/index.php?rest_route=%2Fwp%2Fv2%2Fcomments&post=4006"}],"wp:featuredmedia":[{"embeddable":true,"href":"https:\/\/lifeseguridadnueva.lifeservicios.com\/index.php?rest_route=\/wp\/v2\/media\/6150"}],"wp:attachment":[{"href":"https:\/\/lifeseguridadnueva.lifeservicios.com\/index.php?rest_route=%2Fwp%2Fv2%2Fmedia&parent=4006"}],"wp:term":[{"taxonomy":"product_cat","embeddable":true,"href":"https:\/\/lifeseguridadnueva.lifeservicios.com\/index.php?rest_route=%2Fwp%2Fv2%2Fproduct_cat&post=4006"},{"taxonomy":"product_tag","embeddable":true,"href":"https:\/\/lifeseguridadnueva.lifeservicios.com\/index.php?rest_route=%2Fwp%2Fv2%2Fproduct_tag&post=4006"}],"curies":[{"name":"wp","href":"https:\/\/api.w.org\/{rel}","templated":true}]}}