{"id":4014,"date":"2016-09-07T17:54:48","date_gmt":"2016-09-07T22:54:48","guid":{"rendered":"https:\/\/lifeseguridadnueva.lifeservicios.com\/producto\/rk810dt-sensor-de-movimiento-iwise-dt-pet-risco\/"},"modified":"2023-03-01T21:28:18","modified_gmt":"2023-03-02T02:28:18","slug":"rk810dt-sensor-de-movimiento-iwise-dt-pet-risco","status":"publish","type":"product","link":"https:\/\/lifeseguridadnueva.lifeservicios.com\/?product=rk810dt-sensor-de-movimiento-iwise-dt-pet-risco","title":{"rendered":"RK810DT Sensor de Movimiento iwise DT Pet Risco"},"content":{"rendered":"<h2>Sensor de Movimiento iwise DT Pet Risco<\/h2>\n<p> Inmunidad completa a un perro de hasta 45kg (100lb), [un perro de 36kg (80lb) para el modelo PIR]<br \/>\n Desempe\u00f1o superior de captura<br \/>\n Zona cero activa que asegura inmunidad al animal dom\u00e9stico sin p\u00e9rdida de detecci\u00f3n del intruso<br \/>\n Algoritmo \u00fanico de VPT<br \/>\n Dise\u00f1o \u00fanico de la lente para una perfeccionada inmunidad a animales dom\u00e9sticos<br \/>\n Compensaci\u00f3nde temperaturaverdadera(Patentada)<br \/>\n 2 lentes distintas para diferentes alturas de instalaci\u00f3n<\/p>\n","protected":false},"excerpt":{"rendered":"<p>Sensor de Movimiento iwise DT Pet Risco<\/p>\n<p><a class=\"ficha\" href=\"https:\/\/lifeseguridadnueva.lifeservicios.com\/ficha-tecnica\/rk825dt.pdf\" target=\"_blank\" rel=\"noopener\"><i class=\"iconoficha\"><\/i> FICHA T\u00c9CNICA<\/a><\/p>\n","protected":false},"featured_media":6147,"comment_status":"open","ping_status":"closed","template":"","meta":{"inline_featured_image":false},"product_cat":[207],"product_tag":[171],"aioseo_notices":[],"_links":{"self":[{"href":"https:\/\/lifeseguridadnueva.lifeservicios.com\/index.php?rest_route=\/wp\/v2\/product\/4014"}],"collection":[{"href":"https:\/\/lifeseguridadnueva.lifeservicios.com\/index.php?rest_route=\/wp\/v2\/product"}],"about":[{"href":"https:\/\/lifeseguridadnueva.lifeservicios.com\/index.php?rest_route=\/wp\/v2\/types\/product"}],"replies":[{"embeddable":true,"href":"https:\/\/lifeseguridadnueva.lifeservicios.com\/index.php?rest_route=%2Fwp%2Fv2%2Fcomments&post=4014"}],"wp:featuredmedia":[{"embeddable":true,"href":"https:\/\/lifeseguridadnueva.lifeservicios.com\/index.php?rest_route=\/wp\/v2\/media\/6147"}],"wp:attachment":[{"href":"https:\/\/lifeseguridadnueva.lifeservicios.com\/index.php?rest_route=%2Fwp%2Fv2%2Fmedia&parent=4014"}],"wp:term":[{"taxonomy":"product_cat","embeddable":true,"href":"https:\/\/lifeseguridadnueva.lifeservicios.com\/index.php?rest_route=%2Fwp%2Fv2%2Fproduct_cat&post=4014"},{"taxonomy":"product_tag","embeddable":true,"href":"https:\/\/lifeseguridadnueva.lifeservicios.com\/index.php?rest_route=%2Fwp%2Fv2%2Fproduct_tag&post=4014"}],"curies":[{"name":"wp","href":"https:\/\/api.w.org\/{rel}","templated":true}]}}