{"id":4016,"date":"2016-09-07T17:54:48","date_gmt":"2016-09-07T22:54:48","guid":{"rendered":"https:\/\/lifeseguridadnueva.lifeservicios.com\/producto\/rk200dtg3-sensor-de-movimiento-lunar-industrial-g3-risco\/"},"modified":"2023-03-01T21:28:18","modified_gmt":"2023-03-02T02:28:18","slug":"rk200dtg3-sensor-de-movimiento-lunar-industrial-g3-risco","status":"publish","type":"product","link":"https:\/\/lifeseguridadnueva.lifeservicios.com\/?product=rk200dtg3-sensor-de-movimiento-lunar-industrial-g3-risco","title":{"rendered":"RK200DTG3 Sensor de Movimiento Lunar Industrial G3 Risco"},"content":{"rendered":"<h2>Sensor de Movimiento Lunar Industrial G3 Risco<\/h2>\n<p> Detector de Doble Tecnolog\u00eda Direccionable con Tecnolog\u00eda Anti-Cloak\u2122<br \/>\n Altura de montaje de hasta 8.6 m (28\u2019)<br \/>\n Patr\u00f3n de cobertura de 22 metros (72\u2019) de di\u00e1metro por 360\u00ba<br \/>\n 3 canales PIR independientes ajustables seg\u00fan cobertura y adaptables a requisitos particulares<br \/>\n 3 LEDs tricolor para una f\u00e1cil prueba de Paseo<br \/>\n Procesamiento Inteligente de la Se\u00f1al Digital \u2013 verificaci\u00f3n de la alarma y umbrales de detecci\u00f3n ajustados seg\u00fan el comportamiento real del intruso<br \/>\n Consumo Reducido de Corriente cuando es conectado al ProSYS de RISCO Group (Bus multiplexado solo 4 hilos)<\/p>\n","protected":false},"excerpt":{"rendered":"<p>Sensor de Movimiento Lunar Industrial G3 Risco<\/p>\n<p><a class=\"ficha\" href=\"https:\/\/lifeseguridadnueva.lifeservicios.com\/ficha-tecnica\/rk200dtg3.pdf\" target=\"_blank\" rel=\"noopener\"><i class=\"iconoficha\"><\/i> FICHA T\u00c9CNICA<\/a><\/p>\n","protected":false},"featured_media":6156,"comment_status":"open","ping_status":"closed","template":"","meta":{"inline_featured_image":false},"product_cat":[207],"product_tag":[171],"aioseo_notices":[],"_links":{"self":[{"href":"https:\/\/lifeseguridadnueva.lifeservicios.com\/index.php?rest_route=\/wp\/v2\/product\/4016"}],"collection":[{"href":"https:\/\/lifeseguridadnueva.lifeservicios.com\/index.php?rest_route=\/wp\/v2\/product"}],"about":[{"href":"https:\/\/lifeseguridadnueva.lifeservicios.com\/index.php?rest_route=\/wp\/v2\/types\/product"}],"replies":[{"embeddable":true,"href":"https:\/\/lifeseguridadnueva.lifeservicios.com\/index.php?rest_route=%2Fwp%2Fv2%2Fcomments&post=4016"}],"wp:featuredmedia":[{"embeddable":true,"href":"https:\/\/lifeseguridadnueva.lifeservicios.com\/index.php?rest_route=\/wp\/v2\/media\/6156"}],"wp:attachment":[{"href":"https:\/\/lifeseguridadnueva.lifeservicios.com\/index.php?rest_route=%2Fwp%2Fv2%2Fmedia&parent=4016"}],"wp:term":[{"taxonomy":"product_cat","embeddable":true,"href":"https:\/\/lifeseguridadnueva.lifeservicios.com\/index.php?rest_route=%2Fwp%2Fv2%2Fproduct_cat&post=4016"},{"taxonomy":"product_tag","embeddable":true,"href":"https:\/\/lifeseguridadnueva.lifeservicios.com\/index.php?rest_route=%2Fwp%2Fv2%2Fproduct_tag&post=4016"}],"curies":[{"name":"wp","href":"https:\/\/api.w.org\/{rel}","templated":true}]}}