{"id":4036,"date":"2016-09-07T17:54:50","date_gmt":"2016-09-07T22:54:50","guid":{"rendered":"https:\/\/lifeseguridadnueva.lifeservicios.com\/producto\/ca-sf100id-controlador-de-acceso-y-asistencia-por-huella\/"},"modified":"2023-03-01T21:28:19","modified_gmt":"2023-03-02T02:28:19","slug":"ca-sf100id-controlador-de-acceso-y-asistencia-por-huella","status":"publish","type":"product","link":"https:\/\/lifeseguridadnueva.lifeservicios.com\/?product=ca-sf100id-controlador-de-acceso-y-asistencia-por-huella","title":{"rendered":"CA-SF100ID Controlador de acceso y asistencia por huella."},"content":{"rendered":"<h2>Controlador de acceso y asistencia por huella.<\/h2>\n<p> Soporta 1500 huellas y hasta 80000 eventos.<br \/>\n 4 teclas de control para un manejo sencillo e intuitivo y bot\u00f3n de timbre.<br \/>\n Interfaz de conexi\u00f3n con cerradura el\u00e9ctrica, sensor de puerta, bot\u00f3n de salida y alarma, timbre de puerta.<br \/>\n Entrada auxiliar de alarma.<br \/>\n Entrada y salida Wiegand.<br \/>\n Funciones est\u00e1ndar: Antipassback .<br \/>\n Fuente de alimentaci\u00f3n 12 VDC\/3A.<br \/>\n Integraci\u00f3n con software ZK ACCESS 3.5.<br \/>\n No incluye fuente. Dimensiones 90 \u00d7 90 \u00d7 34.5 mm.<\/p>\n","protected":false},"excerpt":{"rendered":"<p>Controlador de acceso y asistencia por huella.<\/p>\n","protected":false},"featured_media":5864,"comment_status":"open","ping_status":"closed","template":"","meta":{"inline_featured_image":false},"product_cat":[235,234],"product_tag":[182],"aioseo_notices":[],"_links":{"self":[{"href":"https:\/\/lifeseguridadnueva.lifeservicios.com\/index.php?rest_route=\/wp\/v2\/product\/4036"}],"collection":[{"href":"https:\/\/lifeseguridadnueva.lifeservicios.com\/index.php?rest_route=\/wp\/v2\/product"}],"about":[{"href":"https:\/\/lifeseguridadnueva.lifeservicios.com\/index.php?rest_route=\/wp\/v2\/types\/product"}],"replies":[{"embeddable":true,"href":"https:\/\/lifeseguridadnueva.lifeservicios.com\/index.php?rest_route=%2Fwp%2Fv2%2Fcomments&post=4036"}],"wp:featuredmedia":[{"embeddable":true,"href":"https:\/\/lifeseguridadnueva.lifeservicios.com\/index.php?rest_route=\/wp\/v2\/media\/5864"}],"wp:attachment":[{"href":"https:\/\/lifeseguridadnueva.lifeservicios.com\/index.php?rest_route=%2Fwp%2Fv2%2Fmedia&parent=4036"}],"wp:term":[{"taxonomy":"product_cat","embeddable":true,"href":"https:\/\/lifeseguridadnueva.lifeservicios.com\/index.php?rest_route=%2Fwp%2Fv2%2Fproduct_cat&post=4036"},{"taxonomy":"product_tag","embeddable":true,"href":"https:\/\/lifeseguridadnueva.lifeservicios.com\/index.php?rest_route=%2Fwp%2Fv2%2Fproduct_tag&post=4036"}],"curies":[{"name":"wp","href":"https:\/\/api.w.org\/{rel}","templated":true}]}}