{"id":4072,"date":"2016-09-07T17:54:55","date_gmt":"2016-09-07T22:54:55","guid":{"rendered":"https:\/\/lifeseguridadnueva.lifeservicios.com\/producto\/ma300id-control-de-acceso-huella-y-proximidad-sin-fuente\/"},"modified":"2023-03-01T21:28:19","modified_gmt":"2023-03-02T02:28:19","slug":"ma300id-control-de-acceso-huella-y-proximidad-sin-fuente","status":"publish","type":"product","link":"https:\/\/lifeseguridadnueva.lifeservicios.com\/?product=ma300id-control-de-acceso-huella-y-proximidad-sin-fuente","title":{"rendered":"MA300\/ID CONTROL ACCESO &#038; ASISTENCIA EXT(Con Software): Huella Digital y\/o Tarj|IP54|TCP\/IP"},"content":{"rendered":"<h2>CONTROL ACCESO &#038; ASISTENCIA EXT(Con Software): Huella Digital y\/o Tarj|IP54|TCP\/IP<\/h2>\n<p> Capacidad de Huellas: 1,500\u2022Tarjetas: 10,000\u2022Lector RFID: EM Marin 125 KHz\u2022Transacciones: 100,000<br \/>\n Conexi\u00f3n cerradura el\u00e9ctrica, bot\u00f3n de salida, sensor de puerta, alarma \u2022 Wiegand 26bits<br \/>\n Nivel de Protecci\u00f3n IP54 \u2022 Alimentaci\u00f3n: 12Vdc\/1.5A \u2022 Incluye fuente 220V. ZKTeco<\/p>\n","protected":false},"excerpt":{"rendered":"<p>CONTROL ACCESO &#038; ASISTENCIA EXT(Con Software): Huella Digital y\/o Tarj|IP54|TCP\/IP<\/p>\n<p><a class=\"ficha\" href=\"https:\/\/lifeseguridadnueva.lifeservicios.com\/ficha-tecnica\/zk-ma300-id.pdf\" target=\"_blank\" rel=\"noopener\"><i class=\"iconoficha\"><\/i> FICHA T\u00c9CNICA<\/a><\/p>\n","protected":false},"featured_media":5878,"comment_status":"open","ping_status":"closed","template":"","meta":{"inline_featured_image":false},"product_cat":[235,234,236],"product_tag":[182],"aioseo_notices":[],"_links":{"self":[{"href":"https:\/\/lifeseguridadnueva.lifeservicios.com\/index.php?rest_route=\/wp\/v2\/product\/4072"}],"collection":[{"href":"https:\/\/lifeseguridadnueva.lifeservicios.com\/index.php?rest_route=\/wp\/v2\/product"}],"about":[{"href":"https:\/\/lifeseguridadnueva.lifeservicios.com\/index.php?rest_route=\/wp\/v2\/types\/product"}],"replies":[{"embeddable":true,"href":"https:\/\/lifeseguridadnueva.lifeservicios.com\/index.php?rest_route=%2Fwp%2Fv2%2Fcomments&post=4072"}],"wp:featuredmedia":[{"embeddable":true,"href":"https:\/\/lifeseguridadnueva.lifeservicios.com\/index.php?rest_route=\/wp\/v2\/media\/5878"}],"wp:attachment":[{"href":"https:\/\/lifeseguridadnueva.lifeservicios.com\/index.php?rest_route=%2Fwp%2Fv2%2Fmedia&parent=4072"}],"wp:term":[{"taxonomy":"product_cat","embeddable":true,"href":"https:\/\/lifeseguridadnueva.lifeservicios.com\/index.php?rest_route=%2Fwp%2Fv2%2Fproduct_cat&post=4072"},{"taxonomy":"product_tag","embeddable":true,"href":"https:\/\/lifeseguridadnueva.lifeservicios.com\/index.php?rest_route=%2Fwp%2Fv2%2Fproduct_tag&post=4072"}],"curies":[{"name":"wp","href":"https:\/\/api.w.org\/{rel}","templated":true}]}}