{"id":4078,"date":"2016-09-07T17:54:55","date_gmt":"2016-09-07T22:54:55","guid":{"rendered":"https:\/\/lifeseguridadnueva.lifeservicios.com\/producto\/sc403-control-de-acceso-y-asistencia-sfuente\/"},"modified":"2023-03-01T21:28:20","modified_gmt":"2023-03-02T02:28:20","slug":"sc403-control-de-acceso-y-asistencia-sfuente","status":"publish","type":"product","link":"https:\/\/lifeseguridadnueva.lifeservicios.com\/?product=sc403-control-de-acceso-y-asistencia-sfuente","title":{"rendered":"SC403 CONTROL DE ACCESO &#038; ASISTENCIA: POR TARJETA DE PROXIMIDAD | C\/REPORTE | INTERIOR | TCP\/IP"},"content":{"rendered":"<h2>CONTROL DE ACCESO &amp; ASISTENCIA: POR TARJETA DE PROXIMIDAD | C\/REPORTE | INTERIOR | TCP\/IP<\/h2>\n<p>Capacidad de Tarjetas: 30,000\u2022Lector RFID: EM Marin 125 KHz\u2022Lectura: 5 &#8211; 10cm\u2022Transacciones: 50,000<br \/>\nConexi\u00f3n cerradura el\u00e9ctromagnetica, bot\u00f3n de salida, sensor de puerta, alarma \u2022 Pantalla LCD B\/N \u2022 Wiegand 26bits<br \/>\nPuerto USB: carga y descarga de Datos \u2022 Alimentaci\u00f3n: 12Vdc\/1.5A \u2022 Incluye fuente220V. ZKTeco<\/p>\n","protected":false},"excerpt":{"rendered":"<p>CONTROL DE ACCESO &amp; ASISTENCIA: POR TARJETA DE PROXIMIDAD | C\/REPORTE | INTERIOR | TCP\/IP<\/p>\n<p><a class=\"ficha\" href=\"https:\/\/lifeseguridadnueva.lifeservicios.com\/ficha-tecnica\/sc403.pdf\" target=\"_blank\" rel=\"noopener\"><i class=\"iconoficha\"><\/i> FICHA T\u00c9CNICA<\/a><\/p>\n","protected":false},"featured_media":5887,"comment_status":"open","ping_status":"closed","template":"","meta":{"inline_featured_image":false},"product_cat":[234,236],"product_tag":[182],"aioseo_notices":[],"_links":{"self":[{"href":"https:\/\/lifeseguridadnueva.lifeservicios.com\/index.php?rest_route=\/wp\/v2\/product\/4078"}],"collection":[{"href":"https:\/\/lifeseguridadnueva.lifeservicios.com\/index.php?rest_route=\/wp\/v2\/product"}],"about":[{"href":"https:\/\/lifeseguridadnueva.lifeservicios.com\/index.php?rest_route=\/wp\/v2\/types\/product"}],"replies":[{"embeddable":true,"href":"https:\/\/lifeseguridadnueva.lifeservicios.com\/index.php?rest_route=%2Fwp%2Fv2%2Fcomments&post=4078"}],"wp:featuredmedia":[{"embeddable":true,"href":"https:\/\/lifeseguridadnueva.lifeservicios.com\/index.php?rest_route=\/wp\/v2\/media\/5887"}],"wp:attachment":[{"href":"https:\/\/lifeseguridadnueva.lifeservicios.com\/index.php?rest_route=%2Fwp%2Fv2%2Fmedia&parent=4078"}],"wp:term":[{"taxonomy":"product_cat","embeddable":true,"href":"https:\/\/lifeseguridadnueva.lifeservicios.com\/index.php?rest_route=%2Fwp%2Fv2%2Fproduct_cat&post=4078"},{"taxonomy":"product_tag","embeddable":true,"href":"https:\/\/lifeseguridadnueva.lifeservicios.com\/index.php?rest_route=%2Fwp%2Fv2%2Fproduct_tag&post=4078"}],"curies":[{"name":"wp","href":"https:\/\/api.w.org\/{rel}","templated":true}]}}