{"id":4098,"date":"2016-09-07T17:54:59","date_gmt":"2016-09-07T22:54:59","guid":{"rendered":"https:\/\/lifeseguridadnueva.lifeservicios.com\/producto\/sps-101s-estacion-manual-ul-simple-accion\/"},"modified":"2023-03-01T21:28:21","modified_gmt":"2023-03-02T02:28:21","slug":"sps-101s-estacion-manual-ul-simple-accion","status":"publish","type":"product","link":"https:\/\/lifeseguridadnueva.lifeservicios.com\/?product=sps-101s-estacion-manual-ul-simple-accion","title":{"rendered":"SPS-101S ESTACI\u00d3N MANUAL UL SIMPLE ACCI\u00d3N"},"content":{"rendered":"<h2>ESTACI\u00d3N MANUAL UL SIMPLE ACCI\u00d3N<\/h2>\n<p> Construcci\u00f3n durable de aluminio<br \/>\n Dise\u00f1o atractivo y de bajo perfil<br \/>\n Montaje est\u00e1ndar<br \/>\n Se convierte en doble acci\u00f3n<\/p>\n","protected":false},"excerpt":{"rendered":"<p>ESTACI\u00d3N MANUAL UL SIMPLE ACCI\u00d3N<\/p>\n","protected":false},"featured_media":5916,"comment_status":"open","ping_status":"closed","template":"","meta":{"inline_featured_image":false},"product_cat":[192],"product_tag":[176],"aioseo_notices":[],"_links":{"self":[{"href":"https:\/\/lifeseguridadnueva.lifeservicios.com\/index.php?rest_route=\/wp\/v2\/product\/4098"}],"collection":[{"href":"https:\/\/lifeseguridadnueva.lifeservicios.com\/index.php?rest_route=\/wp\/v2\/product"}],"about":[{"href":"https:\/\/lifeseguridadnueva.lifeservicios.com\/index.php?rest_route=\/wp\/v2\/types\/product"}],"replies":[{"embeddable":true,"href":"https:\/\/lifeseguridadnueva.lifeservicios.com\/index.php?rest_route=%2Fwp%2Fv2%2Fcomments&post=4098"}],"wp:featuredmedia":[{"embeddable":true,"href":"https:\/\/lifeseguridadnueva.lifeservicios.com\/index.php?rest_route=\/wp\/v2\/media\/5916"}],"wp:attachment":[{"href":"https:\/\/lifeseguridadnueva.lifeservicios.com\/index.php?rest_route=%2Fwp%2Fv2%2Fmedia&parent=4098"}],"wp:term":[{"taxonomy":"product_cat","embeddable":true,"href":"https:\/\/lifeseguridadnueva.lifeservicios.com\/index.php?rest_route=%2Fwp%2Fv2%2Fproduct_cat&post=4098"},{"taxonomy":"product_tag","embeddable":true,"href":"https:\/\/lifeseguridadnueva.lifeservicios.com\/index.php?rest_route=%2Fwp%2Fv2%2Fproduct_tag&post=4098"}],"curies":[{"name":"wp","href":"https:\/\/api.w.org\/{rel}","templated":true}]}}