{"id":4102,"date":"2016-09-07T17:54:59","date_gmt":"2016-09-07T22:54:59","guid":{"rendered":"https:\/\/lifeseguridadnueva.lifeservicios.com\/producto\/ea-318-sensor-de-humo-fotoelectrico-4hilos-12v\/"},"modified":"2023-03-01T21:28:21","modified_gmt":"2023-03-02T02:28:21","slug":"ea-318-sensor-de-humo-fotoelectrico-4hilos-12v","status":"publish","type":"product","link":"https:\/\/lifeseguridadnueva.lifeservicios.com\/?product=ea-318-sensor-de-humo-fotoelectrico-4hilos-12v","title":{"rendered":"EA-318 DETECTOR DE HUMO FOTOELECTRICO 4HILOS &#8211; 12V EVERDAY"},"content":{"rendered":"<h2>DETECTOR\u00a0DE HUMO FOTOELECTRICO 4HILOS &#8211; 12V EVERDAY<\/h2>\n<p>Equipo para \u201cCentral de Alarmas Contra Incendio Centralizado\u201d, cumple con INDECI<\/p>\n<p>Nuestro detector de humo fotoelectrico\u00a0se puede instalar con cualquier panel de alarmas contra incendio de diversas marcas: BOSCH, DSC, Simplex, Mircom, Secutron, Honeywell, etc., trabaja a un voltaje de 12VDC<\/p>\n<p>Se activa cuando existe una presencia de humo en el ambiente salvando vidas, ideal para oficinas, f\u00e1bricas, edificios por departamentos, almacenes y cualquier\u00a0otro ambiente donde exista un riesgo de incendio.<\/p>\n<p>Detector de Humo \u00f3ptico dise\u00f1ado para responder a un ancho espectro de fuego y de f\u00e1cil instalaci\u00f3n. Pertenece a una serie de multi sensores que usan Tecnolog\u00eda Fotoel\u00e9ctrica Avanzada. Cada unidad es probada y calibrada individualmente para asegurarse alta confiabilidad y prevenir falsas alarmas.<\/p>\n<p>Tecnolog\u00eda fotoel\u00e9ctrica avanzada de detecci\u00f3n de humo.<br \/>\nCabeza del sensor de larga duraci\u00f3n, acceso de humo excelente<br \/>\nLED dual para 360\u00ba de visualizaci\u00f3n<br \/>\nContactos de activaci\u00f3n NO (normalmente abiertos)<br \/>\nF\u00e1cil instalaci\u00f3n y mantenimiento<br \/>\nModelo dise\u00f1ado para cualquier decorado<\/p>\n","protected":false},"excerpt":{"rendered":"<p>DETECTOR\u00a0DE HUMO FOTOELECTRICO 4HILOS &#8211; 12V EVERDAY<\/p>\n<p>Equipo para \u201cCentral de Alarmas Contra Incendio Centralizado\u201d, cumple con INDECI<\/p>\n<p>Nuestro detector de humo fotoelectrico\u00a0se puede instalar con cualquier panel de alarmas contra incendio de diversas marcas: BOSCH, DSC, Simplex, Mircom, Secutron, Honeywell, etc., trabaja a un voltaje de 12VDC<\/p>\n<p>Se activa cuando existe una presencia de humo en el ambiente salvando vidas, ideal para oficinas, f\u00e1bricas, edificios por departamentos, almacenes y cualquier\u00a0otro ambiente donde exista un riesgo de incendio.<\/p>\n<p><a class=\"ficha\" href=\"https:\/\/lifeseguridadnueva.lifeservicios.com\/ficha-tecnica\/ea-318.pdf\" target=\"_blank\" rel=\"noopener\"><i class=\"iconoficha\"><\/i> FICHA T\u00c9CNICA<\/a><\/p>\n","protected":false},"featured_media":6058,"comment_status":"open","ping_status":"closed","template":"","meta":{"inline_featured_image":false},"product_cat":[188],"product_tag":[159],"aioseo_notices":[],"_links":{"self":[{"href":"https:\/\/lifeseguridadnueva.lifeservicios.com\/index.php?rest_route=\/wp\/v2\/product\/4102"}],"collection":[{"href":"https:\/\/lifeseguridadnueva.lifeservicios.com\/index.php?rest_route=\/wp\/v2\/product"}],"about":[{"href":"https:\/\/lifeseguridadnueva.lifeservicios.com\/index.php?rest_route=\/wp\/v2\/types\/product"}],"replies":[{"embeddable":true,"href":"https:\/\/lifeseguridadnueva.lifeservicios.com\/index.php?rest_route=%2Fwp%2Fv2%2Fcomments&post=4102"}],"wp:featuredmedia":[{"embeddable":true,"href":"https:\/\/lifeseguridadnueva.lifeservicios.com\/index.php?rest_route=\/wp\/v2\/media\/6058"}],"wp:attachment":[{"href":"https:\/\/lifeseguridadnueva.lifeservicios.com\/index.php?rest_route=%2Fwp%2Fv2%2Fmedia&parent=4102"}],"wp:term":[{"taxonomy":"product_cat","embeddable":true,"href":"https:\/\/lifeseguridadnueva.lifeservicios.com\/index.php?rest_route=%2Fwp%2Fv2%2Fproduct_cat&post=4102"},{"taxonomy":"product_tag","embeddable":true,"href":"https:\/\/lifeseguridadnueva.lifeservicios.com\/index.php?rest_route=%2Fwp%2Fv2%2Fproduct_tag&post=4102"}],"curies":[{"name":"wp","href":"https:\/\/api.w.org\/{rel}","templated":true}]}}