{"id":4140,"date":"2016-09-07T17:55:04","date_gmt":"2016-09-07T22:55:04","guid":{"rendered":"https:\/\/lifeseguridadnueva.lifeservicios.com\/producto\/honfpl2x18-cable-incendio-2x18-awg-fpl\/"},"modified":"2023-03-01T21:28:22","modified_gmt":"2023-03-02T02:28:22","slug":"honfpl2x18-cable-incendio-2x18-awg-fpl","status":"publish","type":"product","link":"https:\/\/lifeseguridadnueva.lifeservicios.com\/?product=honfpl2x18-cable-incendio-2x18-awg-fpl","title":{"rendered":"HONFPL2X18 Cable incendio 2X18 AWG FPL"},"content":{"rendered":"<h2>Cable incendio 2X18 AWG FPL<\/h2>\n<p> Cable incendio 2X18 AWG FPL HONEYWELL, 300m,<br \/>\n  conductor 18AWG barra de cobre solido, UL \/ NEC<br \/>\n Nuestros cables de detecci\u00f3n de incendios se fabrican en una amplia variedad de tama\u00f1os de calibre, configuraciones de blindaje y los materiales de recubrimiento incluyendo plenum, riser y prop\u00f3sito general.<br \/>\n G\u00e9nesis tambi\u00e9n fabrica cables de alarma contra incendios que cumplan con los requisitos de la ciudad de Nueva York Ley Local 5 y los requisitos de Nueva York Estado de toxicidad.<\/p>\n","protected":false},"excerpt":{"rendered":"<p>Cable incendio 2X18 AWG FPL<\/p>\n","protected":false},"featured_media":6036,"comment_status":"open","ping_status":"closed","template":"","meta":{"inline_featured_image":false},"product_cat":[253],"product_tag":[165],"aioseo_notices":[],"_links":{"self":[{"href":"https:\/\/lifeseguridadnueva.lifeservicios.com\/index.php?rest_route=\/wp\/v2\/product\/4140"}],"collection":[{"href":"https:\/\/lifeseguridadnueva.lifeservicios.com\/index.php?rest_route=\/wp\/v2\/product"}],"about":[{"href":"https:\/\/lifeseguridadnueva.lifeservicios.com\/index.php?rest_route=\/wp\/v2\/types\/product"}],"replies":[{"embeddable":true,"href":"https:\/\/lifeseguridadnueva.lifeservicios.com\/index.php?rest_route=%2Fwp%2Fv2%2Fcomments&post=4140"}],"wp:featuredmedia":[{"embeddable":true,"href":"https:\/\/lifeseguridadnueva.lifeservicios.com\/index.php?rest_route=\/wp\/v2\/media\/6036"}],"wp:attachment":[{"href":"https:\/\/lifeseguridadnueva.lifeservicios.com\/index.php?rest_route=%2Fwp%2Fv2%2Fmedia&parent=4140"}],"wp:term":[{"taxonomy":"product_cat","embeddable":true,"href":"https:\/\/lifeseguridadnueva.lifeservicios.com\/index.php?rest_route=%2Fwp%2Fv2%2Fproduct_cat&post=4140"},{"taxonomy":"product_tag","embeddable":true,"href":"https:\/\/lifeseguridadnueva.lifeservicios.com\/index.php?rest_route=%2Fwp%2Fv2%2Fproduct_tag&post=4140"}],"curies":[{"name":"wp","href":"https:\/\/api.w.org\/{rel}","templated":true}]}}