{"id":4752,"date":"2016-09-07T18:21:45","date_gmt":"2016-09-07T23:21:45","guid":{"rendered":"https:\/\/lifeseguridadnueva.lifeservicios.com\/producto\/4219-tarjeta-expansora\/"},"modified":"2023-03-01T21:28:25","modified_gmt":"2023-03-02T02:28:25","slug":"4219-tarjeta-expansora","status":"publish","type":"product","link":"https:\/\/lifeseguridadnueva.lifeservicios.com\/?product=4219-tarjeta-expansora","title":{"rendered":"4219 TARJETA EXPANSORA"},"content":{"rendered":"<h2>TARJETA EXPANSORA<\/h2>\n<p>Amplia 8 zonas R.F.L. (300.msg.)<br \/>\nConexi\u00f3n al bus de Consolas<br \/>\nPuede instalarse dentro de la cabina universal del panel de control<br \/>\nProtecci\u00f3n antisabotaje<br \/>\nCompatible con VISTA-25SP<br \/>\n12 VCC., 30mA<br \/>\nEspecificaciones:<br \/>\nAncho: 169 mm<br \/>\nAlto: 108 mm<br \/>\nFondo: 32 mm<br \/>\nAlimentaci\u00f3n: 12 Vcc (a trav\u00e9s de los puntos de conexi\u00f3n de la consola remota de la unidad de control.)<br \/>\nConsumo: 35mA<\/p>\n","protected":false},"excerpt":{"rendered":"<p>TARJETA EXPANSORA<\/p>\n<p><a class=\"ficha\" href=\"https:\/\/lifeseguridadnueva.lifeservicios.com\/ficha-tecnica\/4219.pdf\" target=\"_blank\" rel=\"noopener\"><i class=\"iconoficha\"><\/i> FICHA T\u00c9CNICA<\/a><\/p>\n","protected":false},"featured_media":6013,"comment_status":"open","ping_status":"closed","template":"","meta":{"inline_featured_image":false},"product_cat":[185],"product_tag":[165],"aioseo_notices":[],"_links":{"self":[{"href":"https:\/\/lifeseguridadnueva.lifeservicios.com\/index.php?rest_route=\/wp\/v2\/product\/4752"}],"collection":[{"href":"https:\/\/lifeseguridadnueva.lifeservicios.com\/index.php?rest_route=\/wp\/v2\/product"}],"about":[{"href":"https:\/\/lifeseguridadnueva.lifeservicios.com\/index.php?rest_route=\/wp\/v2\/types\/product"}],"replies":[{"embeddable":true,"href":"https:\/\/lifeseguridadnueva.lifeservicios.com\/index.php?rest_route=%2Fwp%2Fv2%2Fcomments&post=4752"}],"wp:featuredmedia":[{"embeddable":true,"href":"https:\/\/lifeseguridadnueva.lifeservicios.com\/index.php?rest_route=\/wp\/v2\/media\/6013"}],"wp:attachment":[{"href":"https:\/\/lifeseguridadnueva.lifeservicios.com\/index.php?rest_route=%2Fwp%2Fv2%2Fmedia&parent=4752"}],"wp:term":[{"taxonomy":"product_cat","embeddable":true,"href":"https:\/\/lifeseguridadnueva.lifeservicios.com\/index.php?rest_route=%2Fwp%2Fv2%2Fproduct_cat&post=4752"},{"taxonomy":"product_tag","embeddable":true,"href":"https:\/\/lifeseguridadnueva.lifeservicios.com\/index.php?rest_route=%2Fwp%2Fv2%2Fproduct_tag&post=4752"}],"curies":[{"name":"wp","href":"https:\/\/api.w.org\/{rel}","templated":true}]}}