{"id":4781,"date":"2016-09-07T18:21:50","date_gmt":"2016-09-07T23:21:50","guid":{"rendered":"https:\/\/lifeseguridadnueva.lifeservicios.com\/producto\/rk410rq-zodiac-quad\/"},"modified":"2023-03-01T21:28:26","modified_gmt":"2023-03-02T02:28:26","slug":"rk410rq-zodiac-quad","status":"publish","type":"product","link":"https:\/\/lifeseguridadnueva.lifeservicios.com\/?product=rk410rq-zodiac-quad","title":{"rendered":"RK410RQ ZODIAC QUAD"},"content":{"rendered":"<h2>ZODIAC QUAD<\/h2>\n<p>Pir antimascota Perros de hasta 20 Kg,Cobertura 8m (26&#8242;),Compensaci\u00f3n de temperatura,Contador de pulsos seleccionable (1,2,3)Prtecci\u00f3n contra la luz blanca,Prisma \u00f3ptico LED, Dise\u00f1o compacto para instalaciones residenciales de costo eficiente.<\/p>\n","protected":false},"excerpt":{"rendered":"<p>ZODIAC QUAD<\/p>\n","protected":false},"featured_media":5978,"comment_status":"open","ping_status":"closed","template":"","meta":{"inline_featured_image":false},"product_cat":[207],"product_tag":[171],"aioseo_notices":[],"_links":{"self":[{"href":"https:\/\/lifeseguridadnueva.lifeservicios.com\/index.php?rest_route=\/wp\/v2\/product\/4781"}],"collection":[{"href":"https:\/\/lifeseguridadnueva.lifeservicios.com\/index.php?rest_route=\/wp\/v2\/product"}],"about":[{"href":"https:\/\/lifeseguridadnueva.lifeservicios.com\/index.php?rest_route=\/wp\/v2\/types\/product"}],"replies":[{"embeddable":true,"href":"https:\/\/lifeseguridadnueva.lifeservicios.com\/index.php?rest_route=%2Fwp%2Fv2%2Fcomments&post=4781"}],"wp:featuredmedia":[{"embeddable":true,"href":"https:\/\/lifeseguridadnueva.lifeservicios.com\/index.php?rest_route=\/wp\/v2\/media\/5978"}],"wp:attachment":[{"href":"https:\/\/lifeseguridadnueva.lifeservicios.com\/index.php?rest_route=%2Fwp%2Fv2%2Fmedia&parent=4781"}],"wp:term":[{"taxonomy":"product_cat","embeddable":true,"href":"https:\/\/lifeseguridadnueva.lifeservicios.com\/index.php?rest_route=%2Fwp%2Fv2%2Fproduct_cat&post=4781"},{"taxonomy":"product_tag","embeddable":true,"href":"https:\/\/lifeseguridadnueva.lifeservicios.com\/index.php?rest_route=%2Fwp%2Fv2%2Fproduct_tag&post=4781"}],"curies":[{"name":"wp","href":"https:\/\/api.w.org\/{rel}","templated":true}]}}