{"id":4783,"date":"2016-09-07T18:21:50","date_gmt":"2016-09-07T23:21:50","guid":{"rendered":"https:\/\/lifeseguridadnueva.lifeservicios.com\/producto\/rk415pr-sensor-infrarrojo-digisense-pir-risco\/"},"modified":"2023-03-01T21:28:26","modified_gmt":"2023-03-02T02:28:26","slug":"rk415pr-sensor-infrarrojo-digisense-pir-risco","status":"publish","type":"product","link":"https:\/\/lifeseguridadnueva.lifeservicios.com\/?product=rk415pr-sensor-infrarrojo-digisense-pir-risco","title":{"rendered":"RK415PR SENSOR INFRARROJO DIGISENSE PIR RISCO"},"content":{"rendered":"<h2>SENSOR INFRARROJO DIGISENSE PIR RISCO<\/h2>\n<p>SENSOR INFRARROJO DIGISENSE PIR RISCO , con un elemento piroel\u00e9ctrico Quad Verdadero ha sido especialmente dise\u00f1ado para alta inmunidad a las falsas alarmas.Caracteristicas principales: Altura: 2.5m (8.2 pies) Tama\u00f1o de habitaci\u00f3n: 3-6m (10-20 pies)<\/p>\n","protected":false},"excerpt":{"rendered":"<p>SENSOR INFRARROJO DIGISENSE PIR RISCO<\/p>\n","protected":false},"featured_media":5979,"comment_status":"open","ping_status":"closed","template":"","meta":{"inline_featured_image":false},"product_cat":[207],"product_tag":[171],"aioseo_notices":[],"_links":{"self":[{"href":"https:\/\/lifeseguridadnueva.lifeservicios.com\/index.php?rest_route=\/wp\/v2\/product\/4783"}],"collection":[{"href":"https:\/\/lifeseguridadnueva.lifeservicios.com\/index.php?rest_route=\/wp\/v2\/product"}],"about":[{"href":"https:\/\/lifeseguridadnueva.lifeservicios.com\/index.php?rest_route=\/wp\/v2\/types\/product"}],"replies":[{"embeddable":true,"href":"https:\/\/lifeseguridadnueva.lifeservicios.com\/index.php?rest_route=%2Fwp%2Fv2%2Fcomments&post=4783"}],"wp:featuredmedia":[{"embeddable":true,"href":"https:\/\/lifeseguridadnueva.lifeservicios.com\/index.php?rest_route=\/wp\/v2\/media\/5979"}],"wp:attachment":[{"href":"https:\/\/lifeseguridadnueva.lifeservicios.com\/index.php?rest_route=%2Fwp%2Fv2%2Fmedia&parent=4783"}],"wp:term":[{"taxonomy":"product_cat","embeddable":true,"href":"https:\/\/lifeseguridadnueva.lifeservicios.com\/index.php?rest_route=%2Fwp%2Fv2%2Fproduct_cat&post=4783"},{"taxonomy":"product_tag","embeddable":true,"href":"https:\/\/lifeseguridadnueva.lifeservicios.com\/index.php?rest_route=%2Fwp%2Fv2%2Fproduct_tag&post=4783"}],"curies":[{"name":"wp","href":"https:\/\/api.w.org\/{rel}","templated":true}]}}