{"id":4793,"date":"2016-09-07T18:21:51","date_gmt":"2016-09-07T23:21:51","guid":{"rendered":"https:\/\/lifeseguridadnueva.lifeservicios.com\/producto\/rk312pr-el-watchout-pir\/"},"modified":"2023-03-01T21:28:26","modified_gmt":"2023-03-02T02:28:26","slug":"rk312pr-el-watchout-pir","status":"publish","type":"product","link":"https:\/\/lifeseguridadnueva.lifeservicios.com\/?product=rk312pr-el-watchout-pir","title":{"rendered":"RK312PR El WatchOUT\u2122 PIR"},"content":{"rendered":"<h2>El WatchOUT\u2122 PIR<\/h2>\n<p>El WatchOUT\u2122 PIR fue concebido para proporcionar una mayor inmunidad contra falsas alarmas, utilizando 2 canales IR con dos \u00e1reas de detecci\u00f3n distintas. La alarma se dispara solamente cuando un intruso es detectado dentro de las dos \u00e1reas de detecci\u00f3n, de esta forma, se eliminan las falsas alarmas procedentes de mascotas y reflejos.Caracteristicas principales * Fiable detecci\u00f3n IR para exteriores * Alcance: 12m ajustableS, Lente opcional de largo alcance: 23m. * Inmunidad anti-mascotas de hasta 45Kg<\/p>\n","protected":false},"excerpt":{"rendered":"<p>El WatchOUT\u2122 PIR<\/p>\n","protected":false},"featured_media":6161,"comment_status":"open","ping_status":"closed","template":"","meta":{"inline_featured_image":false},"product_cat":[207],"product_tag":[171],"aioseo_notices":[],"_links":{"self":[{"href":"https:\/\/lifeseguridadnueva.lifeservicios.com\/index.php?rest_route=\/wp\/v2\/product\/4793"}],"collection":[{"href":"https:\/\/lifeseguridadnueva.lifeservicios.com\/index.php?rest_route=\/wp\/v2\/product"}],"about":[{"href":"https:\/\/lifeseguridadnueva.lifeservicios.com\/index.php?rest_route=\/wp\/v2\/types\/product"}],"replies":[{"embeddable":true,"href":"https:\/\/lifeseguridadnueva.lifeservicios.com\/index.php?rest_route=%2Fwp%2Fv2%2Fcomments&post=4793"}],"wp:featuredmedia":[{"embeddable":true,"href":"https:\/\/lifeseguridadnueva.lifeservicios.com\/index.php?rest_route=\/wp\/v2\/media\/6161"}],"wp:attachment":[{"href":"https:\/\/lifeseguridadnueva.lifeservicios.com\/index.php?rest_route=%2Fwp%2Fv2%2Fmedia&parent=4793"}],"wp:term":[{"taxonomy":"product_cat","embeddable":true,"href":"https:\/\/lifeseguridadnueva.lifeservicios.com\/index.php?rest_route=%2Fwp%2Fv2%2Fproduct_cat&post=4793"},{"taxonomy":"product_tag","embeddable":true,"href":"https:\/\/lifeseguridadnueva.lifeservicios.com\/index.php?rest_route=%2Fwp%2Fv2%2Fproduct_tag&post=4793"}],"curies":[{"name":"wp","href":"https:\/\/api.w.org\/{rel}","templated":true}]}}