{"id":4800,"date":"2016-09-07T18:21:51","date_gmt":"2016-09-07T23:21:51","guid":{"rendered":"https:\/\/lifeseguridadnueva.lifeservicios.com\/producto\/rk150dtg3usc-pir-lunar\/"},"modified":"2023-03-01T21:28:26","modified_gmt":"2023-03-02T02:28:26","slug":"rk150dtg3usc-pir-lunar","status":"publish","type":"product","link":"https:\/\/lifeseguridadnueva.lifeservicios.com\/?product=rk150dtg3usc-pir-lunar","title":{"rendered":"RK150DTG3USC PIR LUNAR"},"content":{"rendered":"<h2>PIR LUNAR<\/h2>\n<p>PIR LUNAR De la familia de detectores LuNAR\u2122 es la soluci\u00f3n ideal en aplicaciones donde no se puede montar el detector en pared o en \u00e1ngulo.Estos avanzados detectores utilizan una Lente Fresnel esf\u00e9rica especial de 110\u02da de apertura, lo cual proporciona una cobertura de 360\u02da. Caracteristicas principales: Altura de montaje: Hasta 8,60m (28\u2019) *Cobertura: 360\u00b0 con di\u00e1metro de 18m (60\u2019) *3 canales PIR ajustables, independientemente para cobertura a medida<\/p>\n","protected":false},"excerpt":{"rendered":"<p>PIR LUNAR<\/p>\n","protected":false},"featured_media":6159,"comment_status":"open","ping_status":"closed","template":"","meta":{"inline_featured_image":false},"product_cat":[207],"product_tag":[171],"aioseo_notices":[],"_links":{"self":[{"href":"https:\/\/lifeseguridadnueva.lifeservicios.com\/index.php?rest_route=\/wp\/v2\/product\/4800"}],"collection":[{"href":"https:\/\/lifeseguridadnueva.lifeservicios.com\/index.php?rest_route=\/wp\/v2\/product"}],"about":[{"href":"https:\/\/lifeseguridadnueva.lifeservicios.com\/index.php?rest_route=\/wp\/v2\/types\/product"}],"replies":[{"embeddable":true,"href":"https:\/\/lifeseguridadnueva.lifeservicios.com\/index.php?rest_route=%2Fwp%2Fv2%2Fcomments&post=4800"}],"wp:featuredmedia":[{"embeddable":true,"href":"https:\/\/lifeseguridadnueva.lifeservicios.com\/index.php?rest_route=\/wp\/v2\/media\/6159"}],"wp:attachment":[{"href":"https:\/\/lifeseguridadnueva.lifeservicios.com\/index.php?rest_route=%2Fwp%2Fv2%2Fmedia&parent=4800"}],"wp:term":[{"taxonomy":"product_cat","embeddable":true,"href":"https:\/\/lifeseguridadnueva.lifeservicios.com\/index.php?rest_route=%2Fwp%2Fv2%2Fproduct_cat&post=4800"},{"taxonomy":"product_tag","embeddable":true,"href":"https:\/\/lifeseguridadnueva.lifeservicios.com\/index.php?rest_route=%2Fwp%2Fv2%2Fproduct_tag&post=4800"}],"curies":[{"name":"wp","href":"https:\/\/api.w.org\/{rel}","templated":true}]}}