{"id":5182,"date":"2016-09-28T11:17:36","date_gmt":"2016-09-28T16:17:36","guid":{"rendered":"https:\/\/lifeseguridadnueva.lifeservicios.com\/?post_type=product&#038;p=5182"},"modified":"2023-03-01T21:28:28","modified_gmt":"2023-03-02T02:28:28","slug":"661004-lampara-de-emergencia-200-lumenes-1h-l31","status":"publish","type":"product","link":"https:\/\/lifeseguridadnueva.lifeservicios.com\/?product=661004-lampara-de-emergencia-200-lumenes-1h-l31","title":{"rendered":"661004 L\u00e1mpara de Emergencia 200 l\u00famenes 1h L31"},"content":{"rendered":"<h2>661004 L\u00e1mpara de Emergencia 200 l\u00famenes 1h L31<\/H2><\/p>\n","protected":false},"excerpt":{"rendered":"<p>L\u00e1mpara de Emergencia 200 l\u00famenes 1h L31<\/p>\n","protected":false},"featured_media":5923,"comment_status":"open","ping_status":"closed","template":"","meta":{"inline_featured_image":false},"product_cat":[246],"product_tag":[274],"aioseo_notices":[],"_links":{"self":[{"href":"https:\/\/lifeseguridadnueva.lifeservicios.com\/index.php?rest_route=\/wp\/v2\/product\/5182"}],"collection":[{"href":"https:\/\/lifeseguridadnueva.lifeservicios.com\/index.php?rest_route=\/wp\/v2\/product"}],"about":[{"href":"https:\/\/lifeseguridadnueva.lifeservicios.com\/index.php?rest_route=\/wp\/v2\/types\/product"}],"replies":[{"embeddable":true,"href":"https:\/\/lifeseguridadnueva.lifeservicios.com\/index.php?rest_route=%2Fwp%2Fv2%2Fcomments&post=5182"}],"wp:featuredmedia":[{"embeddable":true,"href":"https:\/\/lifeseguridadnueva.lifeservicios.com\/index.php?rest_route=\/wp\/v2\/media\/5923"}],"wp:attachment":[{"href":"https:\/\/lifeseguridadnueva.lifeservicios.com\/index.php?rest_route=%2Fwp%2Fv2%2Fmedia&parent=5182"}],"wp:term":[{"taxonomy":"product_cat","embeddable":true,"href":"https:\/\/lifeseguridadnueva.lifeservicios.com\/index.php?rest_route=%2Fwp%2Fv2%2Fproduct_cat&post=5182"},{"taxonomy":"product_tag","embeddable":true,"href":"https:\/\/lifeseguridadnueva.lifeservicios.com\/index.php?rest_route=%2Fwp%2Fv2%2Fproduct_tag&post=5182"}],"curies":[{"name":"wp","href":"https:\/\/api.w.org\/{rel}","templated":true}]}}