{"id":5186,"date":"2016-09-28T11:21:19","date_gmt":"2016-09-28T16:21:19","guid":{"rendered":"https:\/\/lifeseguridadnueva.lifeservicios.com\/?post_type=product&#038;p=5186"},"modified":"2023-03-01T21:28:28","modified_gmt":"2023-03-02T02:28:28","slug":"661009-lampara-de-emergencia-combinada-110-lumenes-2h-l31","status":"publish","type":"product","link":"https:\/\/lifeseguridadnueva.lifeservicios.com\/?product=661009-lampara-de-emergencia-combinada-110-lumenes-2h-l31","title":{"rendered":"661009 L\u00e1mpara de Emergencia combinada 110 l\u00famenes 2h L31"},"content":{"rendered":"<h2>661009 L\u00e1mpara de Emergencia combinada 110 l\u00famenes 2h L31<\/H2><\/p>\n","protected":false},"excerpt":{"rendered":"<p>L\u00e1mpara de Emergencia combinada 110 l\u00famenes 2h L31<\/p>\n","protected":false},"featured_media":5923,"comment_status":"open","ping_status":"closed","template":"","meta":{"inline_featured_image":false},"product_cat":[246],"product_tag":[274],"aioseo_notices":[],"_links":{"self":[{"href":"https:\/\/lifeseguridadnueva.lifeservicios.com\/index.php?rest_route=\/wp\/v2\/product\/5186"}],"collection":[{"href":"https:\/\/lifeseguridadnueva.lifeservicios.com\/index.php?rest_route=\/wp\/v2\/product"}],"about":[{"href":"https:\/\/lifeseguridadnueva.lifeservicios.com\/index.php?rest_route=\/wp\/v2\/types\/product"}],"replies":[{"embeddable":true,"href":"https:\/\/lifeseguridadnueva.lifeservicios.com\/index.php?rest_route=%2Fwp%2Fv2%2Fcomments&post=5186"}],"wp:featuredmedia":[{"embeddable":true,"href":"https:\/\/lifeseguridadnueva.lifeservicios.com\/index.php?rest_route=\/wp\/v2\/media\/5923"}],"wp:attachment":[{"href":"https:\/\/lifeseguridadnueva.lifeservicios.com\/index.php?rest_route=%2Fwp%2Fv2%2Fmedia&parent=5186"}],"wp:term":[{"taxonomy":"product_cat","embeddable":true,"href":"https:\/\/lifeseguridadnueva.lifeservicios.com\/index.php?rest_route=%2Fwp%2Fv2%2Fproduct_cat&post=5186"},{"taxonomy":"product_tag","embeddable":true,"href":"https:\/\/lifeseguridadnueva.lifeservicios.com\/index.php?rest_route=%2Fwp%2Fv2%2Fproduct_tag&post=5186"}],"curies":[{"name":"wp","href":"https:\/\/api.w.org\/{rel}","templated":true}]}}