{"id":5258,"date":"2016-10-06T14:54:59","date_gmt":"2016-10-06T19:54:59","guid":{"rendered":"https:\/\/lifeseguridadnueva.lifeservicios.com\/?post_type=product&#038;p=5258"},"modified":"2023-03-01T21:28:31","modified_gmt":"2023-03-02T02:28:31","slug":"cmd5b1100-detectores-de-monoxido","status":"publish","type":"product","link":"https:\/\/lifeseguridadnueva.lifeservicios.com\/?product=cmd5b1100-detectores-de-monoxido","title":{"rendered":"CMD5B1100 DETECTORES DE MONOXIDO"},"content":{"rendered":"<h2>DETECTORES DE MONOXIDO<\/h2>\n<p>El detector de mon\u00f3xido de carbono de la serie CMD5B1 utiliza un sensor electroqu\u00edmico superior para la fiabilidad y exactitud, incluso en las aplicaciones m\u00e1s cr\u00edticas. El producto cuenta con un est\u00e1ndar de 2 hilos alimentado por lazo salida.<\/p>\n","protected":false},"excerpt":{"rendered":"<p>DETECTORES DE MONOXIDO<\/p>\n","protected":false},"featured_media":6090,"comment_status":"open","ping_status":"closed","template":"","meta":{"inline_featured_image":false},"product_cat":[216],"product_tag":[276],"aioseo_notices":[],"_links":{"self":[{"href":"https:\/\/lifeseguridadnueva.lifeservicios.com\/index.php?rest_route=\/wp\/v2\/product\/5258"}],"collection":[{"href":"https:\/\/lifeseguridadnueva.lifeservicios.com\/index.php?rest_route=\/wp\/v2\/product"}],"about":[{"href":"https:\/\/lifeseguridadnueva.lifeservicios.com\/index.php?rest_route=\/wp\/v2\/types\/product"}],"replies":[{"embeddable":true,"href":"https:\/\/lifeseguridadnueva.lifeservicios.com\/index.php?rest_route=%2Fwp%2Fv2%2Fcomments&post=5258"}],"wp:featuredmedia":[{"embeddable":true,"href":"https:\/\/lifeseguridadnueva.lifeservicios.com\/index.php?rest_route=\/wp\/v2\/media\/6090"}],"wp:attachment":[{"href":"https:\/\/lifeseguridadnueva.lifeservicios.com\/index.php?rest_route=%2Fwp%2Fv2%2Fmedia&parent=5258"}],"wp:term":[{"taxonomy":"product_cat","embeddable":true,"href":"https:\/\/lifeseguridadnueva.lifeservicios.com\/index.php?rest_route=%2Fwp%2Fv2%2Fproduct_cat&post=5258"},{"taxonomy":"product_tag","embeddable":true,"href":"https:\/\/lifeseguridadnueva.lifeservicios.com\/index.php?rest_route=%2Fwp%2Fv2%2Fproduct_tag&post=5258"}],"curies":[{"name":"wp","href":"https:\/\/api.w.org\/{rel}","templated":true}]}}