{"id":5260,"date":"2016-10-06T14:56:47","date_gmt":"2016-10-06T19:56:47","guid":{"rendered":"https:\/\/lifeseguridadnueva.lifeservicios.com\/?post_type=product&#038;p=5260"},"modified":"2023-03-01T21:28:31","modified_gmt":"2023-03-02T02:28:31","slug":"cmd5b4100-detectores-de-monoxido","status":"publish","type":"product","link":"https:\/\/lifeseguridadnueva.lifeservicios.com\/?product=cmd5b4100-detectores-de-monoxido","title":{"rendered":"CMD5B4100 DETECTORES DE MONOXIDO"},"content":{"rendered":"<h2>DETECTORES DE MONOXIDO<\/h2>\n<p>El detector CMD5B4 y 5 Series mon\u00f3xido de carbono utiliza un sensor electroqu\u00edmico para supervisar el mon\u00f3xido de carbono nivel y da salida de 4-20 mA o se\u00f1al de tensi\u00f3n. La se\u00f1al de voltaje se puede ajustar a 0-5 o 0-10 Vcc. El rango de detecci\u00f3n y de salida pueden ser escalados a ya sea 100, 150, 300, 400 o 500 ppm a trav\u00e9s del bordo en men\u00fa. Un panel frontal LCD es est\u00e1ndar para asegurar la instalaci\u00f3n y la operaci\u00f3n f\u00e1cil.<\/p>\n","protected":false},"excerpt":{"rendered":"<p>DETECTORES DE MONOXIDO<\/p>\n","protected":false},"featured_media":6091,"comment_status":"open","ping_status":"closed","template":"","meta":{"inline_featured_image":false},"product_cat":[216],"product_tag":[276],"aioseo_notices":[],"_links":{"self":[{"href":"https:\/\/lifeseguridadnueva.lifeservicios.com\/index.php?rest_route=\/wp\/v2\/product\/5260"}],"collection":[{"href":"https:\/\/lifeseguridadnueva.lifeservicios.com\/index.php?rest_route=\/wp\/v2\/product"}],"about":[{"href":"https:\/\/lifeseguridadnueva.lifeservicios.com\/index.php?rest_route=\/wp\/v2\/types\/product"}],"replies":[{"embeddable":true,"href":"https:\/\/lifeseguridadnueva.lifeservicios.com\/index.php?rest_route=%2Fwp%2Fv2%2Fcomments&post=5260"}],"wp:featuredmedia":[{"embeddable":true,"href":"https:\/\/lifeseguridadnueva.lifeservicios.com\/index.php?rest_route=\/wp\/v2\/media\/6091"}],"wp:attachment":[{"href":"https:\/\/lifeseguridadnueva.lifeservicios.com\/index.php?rest_route=%2Fwp%2Fv2%2Fmedia&parent=5260"}],"wp:term":[{"taxonomy":"product_cat","embeddable":true,"href":"https:\/\/lifeseguridadnueva.lifeservicios.com\/index.php?rest_route=%2Fwp%2Fv2%2Fproduct_cat&post=5260"},{"taxonomy":"product_tag","embeddable":true,"href":"https:\/\/lifeseguridadnueva.lifeservicios.com\/index.php?rest_route=%2Fwp%2Fv2%2Fproduct_tag&post=5260"}],"curies":[{"name":"wp","href":"https:\/\/api.w.org\/{rel}","templated":true}]}}